{"id":73,"date":"2024-03-28T14:24:03","date_gmt":"2024-03-28T14:24:03","guid":{"rendered":"https:\/\/satrancsever.com\/?page_id=73"},"modified":"2024-04-15T14:35:36","modified_gmt":"2024-04-15T14:35:36","slug":"73-2","status":"publish","type":"page","link":"https:\/\/satrancsever.com\/index.php\/73-2\/","title":{"rendered":"SATRAN\u00c7SEVER KAFE"},"content":{"rendered":"<p><a href=\"https:\/\/satrancsever.com\/wp-content\/uploads\/2024\/04\/SATRANCSEVER-KAFE-02.04.2024.pdf\">SATRAN\u00c7SEVER KAFE 02.04.2024<\/a> <strong>PROJE SUNUMU<\/strong><\/p>\n<p>Derne\u011fimiz satranc\u0131n yayg\u0131nla\u015fmas\u0131 i\u00e7in kurulur kurulmaz derhal \u00e7al\u0131\u015fmaya ba\u015flad\u0131.<br \/>\nBu ba\u011flamda ba\u015flatt\u0131\u011f\u0131m\u0131z ilk proje Satran\u00e7sever Kafe projesidir. Projemize kat\u0131lan kafelere \u00fccretsiz satran\u00e7 tak\u0131m\u0131 veriyoruz. Bu sayede kafeye gelen satran\u00e7severler istedikleri zaman satran\u00e7 oynayabiliyorlar. Ayr\u0131ca farkl\u0131 semtlerde farkl\u0131 g\u00fcn ve saatlerde turnuvalar d\u00fczenliyoruz.<\/p>\n<p><b><a href=\"https:\/\/satrancsever.com\/index.php\/satrancsever-kafeler-listesi\/\">Satran\u00e7sever Mekanlar Listesi<\/a><\/b><\/p>\n","protected":false},"excerpt":{"rendered":"<p>SATRAN\u00c7SEVER KAFE 02.04.2024 PROJE SUNUMU Derne\u011fimiz satranc\u0131n yayg\u0131nla\u015fmas\u0131 i\u00e7in kurulur kurulmaz derhal \u00e7al\u0131\u015fmaya ba\u015flad\u0131. Bu ba\u011flamda ba\u015flatt\u0131\u011f\u0131m\u0131z ilk proje Satran\u00e7sever Kafe projesidir. Projemize kat\u0131lan kafelere \u00fccretsiz satran\u00e7 tak\u0131m\u0131 veriyoruz. Bu sayede kafeye gelen satran\u00e7severler istedikleri zaman satran\u00e7 oynayabiliyorlar. Ayr\u0131ca farkl\u0131 semtlerde farkl\u0131 g\u00fcn ve saatlerde turnuvalar d\u00fczenliyoruz. Satran\u00e7sever Mekanlar Listesi<\/p>\n","protected":false},"author":1,"featured_media":74,"parent":0,"menu_order":0,"comment_status":"closed","ping_status":"closed","template":"","meta":{"footnotes":""},"class_list":["post-73","page","type-page","status-publish","has-post-thumbnail","hentry"],"_links":{"self":[{"href":"https:\/\/satrancsever.com\/index.php\/wp-json\/wp\/v2\/pages\/73","targetHints":{"allow":["GET"]}}],"collection":[{"href":"https:\/\/satrancsever.com\/index.php\/wp-json\/wp\/v2\/pages"}],"about":[{"href":"https:\/\/satrancsever.com\/index.php\/wp-json\/wp\/v2\/types\/page"}],"author":[{"embeddable":true,"href":"https:\/\/satrancsever.com\/index.php\/wp-json\/wp\/v2\/users\/1"}],"replies":[{"embeddable":true,"href":"https:\/\/satrancsever.com\/index.php\/wp-json\/wp\/v2\/comments?post=73"}],"version-history":[{"count":10,"href":"https:\/\/satrancsever.com\/index.php\/wp-json\/wp\/v2\/pages\/73\/revisions"}],"predecessor-version":[{"id":381,"href":"https:\/\/satrancsever.com\/index.php\/wp-json\/wp\/v2\/pages\/73\/revisions\/381"}],"wp:featuredmedia":[{"embeddable":true,"href":"https:\/\/satrancsever.com\/index.php\/wp-json\/wp\/v2\/media\/74"}],"wp:attachment":[{"href":"https:\/\/satrancsever.com\/index.php\/wp-json\/wp\/v2\/media?parent=73"}],"curies":[{"name":"wp","href":"https:\/\/api.w.org\/{rel}","templated":true}]}}