{"id":71,"date":"2024-03-28T14:19:03","date_gmt":"2024-03-28T14:19:03","guid":{"rendered":"https:\/\/satrancsever.com\/?page_id=71"},"modified":"2025-12-06T11:41:06","modified_gmt":"2025-12-06T11:41:06","slug":"lig-sampiyonlari","status":"publish","type":"page","link":"https:\/\/satrancsever.com\/index.php\/lig-sampiyonlari\/","title":{"rendered":"L\u0130G \u015eAMP\u0130YONLARI"},"content":{"rendered":"<p>2025 ODT\u00dc Efe Ergani (K), Emirhan Koca, Burak \u00d6zalp<\/p>\n<p>2024 FYAKADEM\u0130 (Kadro: Fatma Y\u0131lmaz (K), Baver Y\u0131lmaz, Mehmet Alper \u00c7elebi, Teoman G\u00fcney Ers\u00f6z, Etka Karabulut, Servet G\u00fcl)<\/p>\n<p><img decoding=\"async\" src=\"https:\/\/satrancsever.com\/wp-content\/uploads\/2024\/10\/WhatsApp-Gorsel-2024-10-21-saat-12.45.51_841f64cc-225x300.jpg\" alt=\"\" width=\"184\" height=\"245\" class=\"alignnone wp-image-479\" srcset=\"https:\/\/satrancsever.com\/wp-content\/uploads\/2024\/10\/WhatsApp-Gorsel-2024-10-21-saat-12.45.51_841f64cc-225x300.jpg 225w, https:\/\/satrancsever.com\/wp-content\/uploads\/2024\/10\/WhatsApp-Gorsel-2024-10-21-saat-12.45.51_841f64cc-768x1023.jpg 768w, https:\/\/satrancsever.com\/wp-content\/uploads\/2024\/10\/WhatsApp-Gorsel-2024-10-21-saat-12.45.51_841f64cc-1153x1536.jpg 1153w, https:\/\/satrancsever.com\/wp-content\/uploads\/2024\/10\/WhatsApp-Gorsel-2024-10-21-saat-12.45.51_841f64cc.jpg 1200w\" sizes=\"(max-width: 184px) 100vw, 184px\" \/><\/p>\n<p>2023 MAGICIANS FROM ANKARA (Kadro: Bedirhan Dilen (K), Mehmet Canay \u00c7eneli, Efe Ergani, Emirhan Koca, Servet Hakan Altay)<\/p>\n<p><img fetchpriority=\"high\" decoding=\"async\" src=\"https:\/\/satrancsever.com\/wp-content\/uploads\/2024\/04\/1222-300x225.jpg\" alt=\"\" width=\"300\" height=\"225\" class=\"alignnone size-medium wp-image-148\" srcset=\"https:\/\/satrancsever.com\/wp-content\/uploads\/2024\/04\/1222-300x225.jpg 300w, https:\/\/satrancsever.com\/wp-content\/uploads\/2024\/04\/1222-1024x768.jpg 1024w, https:\/\/satrancsever.com\/wp-content\/uploads\/2024\/04\/1222-768x576.jpg 768w, https:\/\/satrancsever.com\/wp-content\/uploads\/2024\/04\/1222-1536x1152.jpg 1536w, https:\/\/satrancsever.com\/wp-content\/uploads\/2024\/04\/1222.jpg 1600w\" sizes=\"(max-width: 300px) 100vw, 300px\" \/><\/p>\n","protected":false},"excerpt":{"rendered":"<p>2025 ODT\u00dc Efe Ergani (K), Emirhan Koca, Burak \u00d6zalp 2024 FYAKADEM\u0130 (Kadro: Fatma Y\u0131lmaz (K), Baver Y\u0131lmaz, Mehmet Alper \u00c7elebi, Teoman G\u00fcney Ers\u00f6z, Etka Karabulut, Servet G\u00fcl) 2023 MAGICIANS FROM ANKARA (Kadro: Bedirhan Dilen (K), Mehmet Canay \u00c7eneli, Efe Ergani, Emirhan Koca, Servet Hakan Altay)<\/p>\n","protected":false},"author":1,"featured_media":0,"parent":0,"menu_order":0,"comment_status":"closed","ping_status":"closed","template":"","meta":{"footnotes":""},"class_list":["post-71","page","type-page","status-publish","hentry"],"_links":{"self":[{"href":"https:\/\/satrancsever.com\/index.php\/wp-json\/wp\/v2\/pages\/71","targetHints":{"allow":["GET"]}}],"collection":[{"href":"https:\/\/satrancsever.com\/index.php\/wp-json\/wp\/v2\/pages"}],"about":[{"href":"https:\/\/satrancsever.com\/index.php\/wp-json\/wp\/v2\/types\/page"}],"author":[{"embeddable":true,"href":"https:\/\/satrancsever.com\/index.php\/wp-json\/wp\/v2\/users\/1"}],"replies":[{"embeddable":true,"href":"https:\/\/satrancsever.com\/index.php\/wp-json\/wp\/v2\/comments?post=71"}],"version-history":[{"count":6,"href":"https:\/\/satrancsever.com\/index.php\/wp-json\/wp\/v2\/pages\/71\/revisions"}],"predecessor-version":[{"id":628,"href":"https:\/\/satrancsever.com\/index.php\/wp-json\/wp\/v2\/pages\/71\/revisions\/628"}],"wp:attachment":[{"href":"https:\/\/satrancsever.com\/index.php\/wp-json\/wp\/v2\/media?parent=71"}],"curies":[{"name":"wp","href":"https:\/\/api.w.org\/{rel}","templated":true}]}}