{"id":706,"date":"2026-02-23T09:32:38","date_gmt":"2026-02-23T09:32:38","guid":{"rendered":"https:\/\/satrancsever.com\/?page_id=706"},"modified":"2026-02-23T09:32:38","modified_gmt":"2026-02-23T09:32:38","slug":"2026-puan-durumu","status":"publish","type":"page","link":"https:\/\/satrancsever.com\/index.php\/2026-puan-durumu\/","title":{"rendered":"2026 PUAN DURUMU"},"content":{"rendered":"<table>\n<thead>\n<tr>\n<td class=\"numbercolumn\"><strong>#<\/strong><\/td>\n<td class=\"pointcolumn\"><strong>P<\/strong><\/td>\n<td><strong>Tak\u0131m Ad\u0131<\/strong><\/td>\n<td><\/td>\n<\/tr>\n<\/thead>\n<tbody>\n<tr>\n<td class=\"numbercolumn\"><kbd>1<\/kbd><\/td>\n<td class=\"pointcolumn\"><kbd>6<\/kbd><\/td>\n<td>\n<div>ASKIDA \u015eAH<\/div>\n<div>\n<div><i class=\"fa-solid fa-square-plus\"><\/i><span>\u00a0<\/span><span>Averaj 5.5<\/span><i class=\"fa-solid fa-square\"><\/i><\/div>\n<\/div>\n<\/td>\n<td><\/td>\n<\/tr>\n<tr>\n<td class=\"numbercolumn\"><kbd>2<\/kbd><\/td>\n<td class=\"pointcolumn\"><kbd>6<\/kbd><\/td>\n<td>\n<div>Roger That<\/div>\n<div>\n<div><i class=\"fa-solid fa-square-plus\"><\/i><span>\u00a0<\/span><span>Averaj 5<\/span><i class=\"fa-solid fa-square\"><\/i><\/div>\n<\/div>\n<\/td>\n<td><\/td>\n<\/tr>\n<tr>\n<td class=\"numbercolumn\"><kbd>3<\/kbd><\/td>\n<td class=\"pointcolumn\"><kbd>6<\/kbd><\/td>\n<td>\n<div>ODT\u00dc<span>\u00a0<\/span><\/div>\n<div>\n<div><i class=\"fa-solid fa-square-plus\"><\/i><span>\u00a0<\/span><span>Averaj 5<\/span><i class=\"fa-solid fa-square\"><\/i><\/div>\n<\/div>\n<\/td>\n<td><\/td>\n<\/tr>\n<tr>\n<td class=\"numbercolumn\"><kbd>4<\/kbd><\/td>\n<td class=\"pointcolumn\"><kbd>3<\/kbd><\/td>\n<td>\n<div>Gazi<span>\u00a0<\/span><\/div>\n<div>\n<div><i class=\"fa-solid fa-square-plus\"><\/i><span>Averaj 3.5<\/span><i class=\"fa-solid fa-square\"><\/i><\/div>\n<\/div>\n<\/td>\n<td><\/td>\n<\/tr>\n<tr>\n<td class=\"numbercolumn\"><kbd>5<\/kbd><\/td>\n<td class=\"pointcolumn\"><kbd>3<\/kbd><\/td>\n<td>\n<div>Penadur<\/div>\n<div>\n<div><i class=\"fa-solid fa-square-plus\"><\/i><span>\u00a0<\/span><span>Averaj 3<\/span><\/div>\n<\/div>\n<\/td>\n<td><\/td>\n<\/tr>\n<tr>\n<td class=\"numbercolumn\"><kbd>6<\/kbd><\/td>\n<td class=\"pointcolumn\"><kbd>3<\/kbd><\/td>\n<td>\n<div>Hybrid<\/div>\n<div>\n<div><i class=\"fa-solid fa-square-plus\"><\/i><span>Averaj 3<\/span><\/div>\n<\/div>\n<\/td>\n<td><\/td>\n<\/tr>\n<tr>\n<td class=\"numbercolumn\"><kbd>7<\/kbd><\/td>\n<td class=\"pointcolumn\"><kbd>3<\/kbd><\/td>\n<td>\n<div>\u00c7otanak<\/div>\n<div>\n<div><i class=\"fa-solid fa-square-plus\"><\/i><span>\u00a0<\/span><span>Averaj 3<\/span><i class=\"fa-solid fa-square\"><\/i><\/div>\n<\/div>\n<\/td>\n<td><\/td>\n<\/tr>\n<tr>\n<td class=\"numbercolumn\"><kbd>8<\/kbd><\/td>\n<td class=\"pointcolumn\"><kbd>3<\/kbd><\/td>\n<td>\n<div>Chessfriends<\/div>\n<div>\n<div><i class=\"fa-solid fa-square-plus\"><\/i><span>Averaj 3<\/span><i class=\"fa-solid fa-square\"><\/i><\/div>\n<\/div>\n<\/td>\n<td><\/td>\n<\/tr>\n<tr>\n<td class=\"numbercolumn\"><kbd>9<\/kbd><\/td>\n<td class=\"pointcolumn\"><kbd>1<\/kbd><\/td>\n<td>\n<div>ZE\u0130TNOT<\/div>\n<div>\n<div><i class=\"fa-solid fa-square-plus\"><\/i><span>\u00a0<\/span><span>Averaj 2.5<\/span><i class=\"fa-solid fa-square\"><\/i><\/div>\n<\/div>\n<\/td>\n<td><\/td>\n<\/tr>\n<tr>\n<td class=\"numbercolumn\"><kbd>10<\/kbd><\/td>\n<td class=\"pointcolumn\"><kbd>1<\/kbd><\/td>\n<td>\n<div>Makelele<\/div>\n<div>\n<div><i class=\"fa-solid fa-square-plus\"><\/i><span>Averaj 2<\/span><i class=\"fa-solid fa-square\"><\/i><\/div>\n<\/div>\n<\/td>\n<td><\/td>\n<\/tr>\n<tr>\n<td class=\"numbercolumn\"><kbd>11<\/kbd><\/td>\n<td class=\"pointcolumn\"><kbd>0<\/kbd><\/td>\n<td>\n<div>\u015ei\u015f Kebap<\/div>\n<div>\n<div><i class=\"fa-solid fa-square-plus\"><\/i><span>Averaj 0.5<\/span><i class=\"fa-solid fa-square\"><\/i><\/div>\n<\/div>\n<\/td>\n<td><\/td>\n<\/tr>\n<tr>\n<td class=\"numbercolumn\"><kbd>12<\/kbd><\/td>\n<td class=\"pointcolumn\"><kbd>0<\/kbd><\/td>\n<td>\n<div>DOUBLE CHECKERS<\/div>\n<div>Averaj 0<\/div>\n<\/td>\n<\/tr>\n<\/tbody>\n<\/table>\n","protected":false},"excerpt":{"rendered":"<p># P Tak\u0131m Ad\u0131 1 6 ASKIDA \u015eAH \u00a0Averaj 5.5 2 6 Roger That \u00a0Averaj 5 3 6 ODT\u00dc\u00a0 \u00a0Averaj 5 4 3 Gazi\u00a0 Averaj 3.5 5 3 Penadur \u00a0Averaj 3 6 3 Hybrid Averaj 3 7 3 \u00c7otanak \u00a0Averaj 3 8 3 Chessfriends Averaj 3 9 1 ZE\u0130TNOT \u00a0Averaj [&hellip;]<\/p>\n","protected":false},"author":1,"featured_media":0,"parent":0,"menu_order":0,"comment_status":"closed","ping_status":"closed","template":"","meta":{"footnotes":""},"class_list":["post-706","page","type-page","status-publish","hentry"],"_links":{"self":[{"href":"https:\/\/satrancsever.com\/index.php\/wp-json\/wp\/v2\/pages\/706","targetHints":{"allow":["GET"]}}],"collection":[{"href":"https:\/\/satrancsever.com\/index.php\/wp-json\/wp\/v2\/pages"}],"about":[{"href":"https:\/\/satrancsever.com\/index.php\/wp-json\/wp\/v2\/types\/page"}],"author":[{"embeddable":true,"href":"https:\/\/satrancsever.com\/index.php\/wp-json\/wp\/v2\/users\/1"}],"replies":[{"embeddable":true,"href":"https:\/\/satrancsever.com\/index.php\/wp-json\/wp\/v2\/comments?post=706"}],"version-history":[{"count":1,"href":"https:\/\/satrancsever.com\/index.php\/wp-json\/wp\/v2\/pages\/706\/revisions"}],"predecessor-version":[{"id":707,"href":"https:\/\/satrancsever.com\/index.php\/wp-json\/wp\/v2\/pages\/706\/revisions\/707"}],"wp:attachment":[{"href":"https:\/\/satrancsever.com\/index.php\/wp-json\/wp\/v2\/media?parent=706"}],"curies":[{"name":"wp","href":"https:\/\/api.w.org\/{rel}","templated":true}]}}