{"id":675,"date":"2026-01-19T10:53:42","date_gmt":"2026-01-19T10:53:42","guid":{"rendered":"https:\/\/satrancsever.com\/?page_id=675"},"modified":"2026-02-10T10:25:07","modified_gmt":"2026-02-10T10:25:07","slug":"2026-2","status":"publish","type":"page","link":"https:\/\/satrancsever.com\/index.php\/2026-2\/","title":{"rendered":"2026"},"content":{"rendered":"<table width=\"531\">\n<tbody>\n<tr>\n<td width=\"94\">Turnuva<\/td>\n<td width=\"71\">Tarih<\/td>\n<td width=\"166\">1<\/td>\n<td width=\"100\">2<\/td>\n<td width=\"100\">3<\/td>\n<\/tr>\n<tr>\n<td>GEMSART\u00a0 6+2<\/td>\n<td>9.01.2026<\/td>\n<td>Cem U\u011fur<\/td>\n<td>Mert Ako\u011flu<\/td>\n<td>Korhan K\u0131l\u0131\u00e7<\/td>\n<\/tr>\n<tr>\n<td>IF SOKAK 7+2<\/td>\n<td>18.01.2026<\/td>\n<td>Muhittin B\u00fcker<\/td>\n<td>Poyraz G\u00fcne\u015f<\/td>\n<td>Mert Ako\u011flu<\/td>\n<\/tr>\n<tr>\n<td>GEMSART\u00a0 7+5<\/td>\n<td>20.01.2026<\/td>\n<td>Mehmet K\u0131z\u0131lkaya<\/td>\n<td>Enes Kaymak<\/td>\n<td>Ege Erdem K\u0131l\u0131\u00e7<\/td>\n<\/tr>\n<tr>\n<td>GEMSART\u00a0 3+2<\/td>\n<td>20.01.2026<\/td>\n<td>Muhammed Emin \u015eim\u015fek<\/td>\n<td>Aysu Tosun<\/td>\n<td>Furkan Akal<\/td>\n<\/tr>\n<tr>\n<td>FANUS 6+2<\/td>\n<td>7.02.2026<\/td>\n<td>Emre Co\u015fkun<\/td>\n<td>Ege Erdem K\u0131l\u0131\u00e7<\/td>\n<td>Aliyar Ta\u015f\u00e7\u0131o\u011flu<\/td>\n<\/tr>\n<\/tbody>\n<\/table>\n","protected":false},"excerpt":{"rendered":"<p>Turnuva Tarih 1 2 3 GEMSART\u00a0 6+2 9.01.2026 Cem U\u011fur Mert Ako\u011flu Korhan K\u0131l\u0131\u00e7 IF SOKAK 7+2 18.01.2026 Muhittin B\u00fcker Poyraz G\u00fcne\u015f Mert Ako\u011flu GEMSART\u00a0 7+5 20.01.2026 Mehmet K\u0131z\u0131lkaya Enes Kaymak Ege Erdem K\u0131l\u0131\u00e7 GEMSART\u00a0 3+2 20.01.2026 Muhammed Emin \u015eim\u015fek Aysu Tosun Furkan Akal FANUS 6+2 7.02.2026 Emre Co\u015fkun Ege [&hellip;]<\/p>\n","protected":false},"author":1,"featured_media":0,"parent":0,"menu_order":0,"comment_status":"closed","ping_status":"closed","template":"","meta":{"footnotes":""},"class_list":["post-675","page","type-page","status-publish","hentry"],"_links":{"self":[{"href":"https:\/\/satrancsever.com\/index.php\/wp-json\/wp\/v2\/pages\/675","targetHints":{"allow":["GET"]}}],"collection":[{"href":"https:\/\/satrancsever.com\/index.php\/wp-json\/wp\/v2\/pages"}],"about":[{"href":"https:\/\/satrancsever.com\/index.php\/wp-json\/wp\/v2\/types\/page"}],"author":[{"embeddable":true,"href":"https:\/\/satrancsever.com\/index.php\/wp-json\/wp\/v2\/users\/1"}],"replies":[{"embeddable":true,"href":"https:\/\/satrancsever.com\/index.php\/wp-json\/wp\/v2\/comments?post=675"}],"version-history":[{"count":2,"href":"https:\/\/satrancsever.com\/index.php\/wp-json\/wp\/v2\/pages\/675\/revisions"}],"predecessor-version":[{"id":694,"href":"https:\/\/satrancsever.com\/index.php\/wp-json\/wp\/v2\/pages\/675\/revisions\/694"}],"wp:attachment":[{"href":"https:\/\/satrancsever.com\/index.php\/wp-json\/wp\/v2\/media?parent=675"}],"curies":[{"name":"wp","href":"https:\/\/api.w.org\/{rel}","templated":true}]}}