{"id":664,"date":"2025-12-29T13:16:44","date_gmt":"2025-12-29T13:16:44","guid":{"rendered":"https:\/\/satrancsever.com\/?page_id=664"},"modified":"2026-02-09T14:47:21","modified_gmt":"2026-02-09T14:47:21","slug":"664-2","status":"publish","type":"page","link":"https:\/\/satrancsever.com\/index.php\/664-2\/","title":{"rendered":"2026 L\u0130G"},"content":{"rendered":"<p><strong>2026 L\u0130G Y\u00d6NERGES\u0130<\/strong><\/p>\n<p>\u015eubat-Aral\u0131k 2026<\/p>\n<p>ZAMAN KONTROL\u00dc: 30+03<\/p>\n<p>2 A\u015eAMALI<\/p>\n<p>1. A\u015eAMA: 12 TAKIM TEK DEVREL\u0130 L\u0130G.<\/p>\n<p>2. A\u015eAMA: PLAY-OFF \u0130LK 8 TAKIM ARASINDA \u00c7\u0130FT MA\u00c7LI ELEME Y\u00d6NTEM\u0130YLE.<\/p>\n<ol>\n<li>TAKIMLARIN KADROLARI EN AZ, 6 EN FAZLA 10 K\u0130\u015e\u0130DEN OLU\u015eUR.<\/li>\n<li>TAKIMLAR 2700 TL TEM\u0130NAT YATIRDIKTAN SONRA CEOP PROGRAMI \u00dcZER\u0130NDEN L\u0130GE KAYIT YAPTIRACAKLARDIR. L\u0130G\u0130 H\u00dcKMEN KAYBETMEDEN EKS\u0130KS\u0130Z TAMAMLAYAN TAKIMLARA TEM\u0130NAT \u00dcCRET\u0130 L\u0130G B\u0130T\u0130M\u0130NDE EKS\u0130KS\u0130Z \u0130ADE ED\u0130LECEKT\u0130R. HER OYNANMAYAN MASA \u0130\u00c7\u0130N TEM\u0130NAT \u0130ADE TUTARINDAN 300 TL KES\u0130NT\u0130 YAPILACAKTIR.<\/li>\n<li>TAKIMLAR YIL BOYUNCA BA\u015eKA TAKIMDA OYNAMAMI\u015e OYUNCULARI TRANSFER EDEB\u0130L\u0130RLER.<\/li>\n<li>OYUNCULAR YALNIZCA 1 TAKIMDA OYNAYAB\u0130L\u0130R.<\/li>\n<li>HER TAKIMDA 1 KAPTAN OLACAKTIR. KAPTAN, TAKIMIN TEMS\u0130LC\u0130S\u0130 OLARAK KAPTANLAR GRUBUNDA \u0130LET\u0130\u015e\u0130M\u0130 SA\u011eLAYACAK VE ORGAN\u0130ZASYONDA AKT\u0130F ROL ALACAK K\u0130\u015e\u0130D\u0130R. KAPTAN AYNI ZAMANDA OYUNCULARDAN B\u0130R\u0130S\u0130 OLAB\u0130L\u0130R.<\/li>\n<li>TAKIM KAPTANLARI BA\u015eKA B\u0130R TAKIMDA OYNAYAMAZ YA DA ONLARA KAPTANLIK EDEMEZ.<\/li>\n<li>HER MA\u00c7, 3 MASA \u00dcZER\u0130NDEN GER\u00c7EKLE\u015e\u0130R. TAKIMDAK\u0130 HER OYUNCU KAR\u015eI TAKIMDAN B\u0130R OYUNCU \u0130LE E\u015eLE\u015eECEKT\u0130R. E\u015eLEND\u0130RMEDE 1. YAZILAN TAKIMIN 1. VE 3.MASALARI BEYAZ, 2. OYUNCUSU S\u0130YAH RENKLE OYNAR.<\/li>\n<li>HER OYUNCU KAZAN\u00c7 \u0130\u00c7\u0130N 1, KAYIP \u0130\u00c7\u0130N 0 VE BERABERL\u0130K \u0130\u00c7\u0130N YARIM PUAN ALIR.<\/li>\n<li>B\u0130REYSEL MASA SONU\u00c7LARI TOPLANDIKTAN SONRA, 2 VE \u00dcST\u00dc MASA PUANI ALAN TAKIMLAR MA\u00c7I KAZANMI\u015e SAYILIRLAR. TAKIMLAR 1,5 MASA PUANI ALMALARI DURUMUNDA BERABERE KALMI\u015e OLURLAR. 1 VE ALTI MASA PUANI ALAN TAKIMLAR MA\u00c7I KAYBEDERLER.<\/li>\n<li>TAKIMLAR GAL\u0130B\u0130YET \u0130\u00c7\u0130N 3, BERABERL\u0130K \u0130\u00c7\u0130N 1, KAYIP \u0130\u00c7\u0130N 0 PUAN ALIRLAR.<\/li>\n<li>TEK DEVREL\u0130 L\u0130G A\u015eAMASINDA E\u015e\u0130TL\u0130K BOZMADA, AVERAJ S\u0130STEM\u0130 OLARAK TOPLAM MASA PUANI KULLANILACAKTIR. H\u00dcKMEN GAL\u0130B\u0130YETLER TOPLAM MASA PUANINA D\u00c2H\u0130L ED\u0130L\u0130R. MASA PUANININ E\u015e\u0130T OLMASI DURUMUNDA TAKIMLARIN KEND\u0130 ARALARINDA OYNADI\u011eI MA\u00c7 SONU\u00c7LARINA BAKILIR. E\u015e\u0130TL\u0130\u011e\u0130N BOZULMAMASI DURUMUNDA SONNEBORN-BERGER S\u0130STEM\u0130 KULLANILACAKTIR.<\/li>\n<li>PLAY-OFF A\u015eAMASINDA \u0130K\u0130 MA\u00c7 SONUCUNDA TAKIMLAR BERABERE DURUMUNDAYSA 10+2 TEMPODA 2 MA\u00c7 DAHA OYNANIR. E\u015e\u0130TL\u0130K BOZULMAZSA 5+3 TEMPODA 2 MA\u00c7 DAHA OYNANIR VE BU E\u015e\u0130TL\u0130K BOZULANA KADAR DEVAM EDER.<\/li>\n<li>TEK DEVREL\u0130 L\u0130G VE PLAY-OFF A\u015eAMASI \u0130\u00c7\u0130N 2 AYRI B\u0130REYSEL \u00d6D\u00dcL VER\u0130LECEKT\u0130R.<\/li>\n<li>TEK DEVREL\u0130 L\u0130G A\u015eAMASINDA EN AZ 7 MA\u00c7 OYNAMI\u015e OYUNCULARDAN Y\u00dcZDE PERFORMANSLARINA G\u00d6RE \u0130LK 3\u2019E G\u0130RENLER, L\u0130G SONUNDA \u00d6D\u00dcLLEND\u0130R\u0130L\u0130R. H\u00dcKMEN GAL\u0130B\u0130YETLER BU HESAPLAMALARDA KULLANILMAYACAKTIR. MASA AYRIMI G\u00d6ZET\u0130LMEYECEKT\u0130R. PLAY-OFF A\u015eAMASINDA EN FAZLA PUAN TOPLAYAN \u0130LK 3 \u0130S\u0130M \u00d6D\u00dcLLEND\u0130R\u0130LECEKT\u0130R. H\u00dcKMEN GAL\u0130B\u0130YETLER BU HESAPLAMALARDA KULLANILACAKTIR.<\/li>\n<li>TAKIM KAPTANI B\u0130R DEFAYA MAHSUS OLMAK KAYDIYLA DE\u011e\u0130\u015eEB\u0130L\u0130R.<\/li>\n<li>3 KEZ MA\u00c7A \u00c7IKMAYAN TAKIMLAR L\u0130GDEN D\u00dc\u015e\u00dcR\u00dcL\u00dcR.<\/li>\n<li>TAKIMLAR KEND\u0130 ARALARINDA ANLA\u015eARAK B\u0130R SONRAK\u0130 L\u0130G HAFTASINDAN \u00d6NCE TAMAMLANMAK KAYDIYLA, YIL BOYUNCA GRUP A\u015eAMASI VE F\u0130NAL DAH\u0130L OLMAK \u00dcZERE, TOPLAM 2 KEZ ERTELEME MA\u00c7I ORGAN\u0130ZE EDEB\u0130L\u0130RLER. TAKIMLAR ERTELEME MA\u00c7I OYNAMAYA ZORLANAMAZ. ERTELEME MA\u00c7ININ ERTELEMES\u0130 OLMAZ.<\/li>\n<li>ERTELEME MA\u00c7INA GELMEYEN YA DA B\u0130R SONRAK\u0130 L\u0130G MA\u00c7INDAN \u00d6NCE ERTELEME MA\u00c7INI TAMAMLAMAYAN TARAFLAR MA\u00c7I H\u00dcKMEN KAYBETM\u0130\u015e SAYILIRLAR.<\/li>\n<li>H\u00dcKMEN L\u0130GDEN D\u00dc\u015e\u00dcR\u00dcLEN TAKIMLARDAK\u0130 OYUNCULAR, \u015eARTLARI SA\u011eLAMALARI HAL\u0130NDE B\u0130REYSEL \u00d6D\u00dcLLERDEN MAHRUM BIRAKILAMAZ.<\/li>\n<li>H\u00dcKMEN L\u0130GDEN D\u00dc\u015e\u00dcR\u00dcLEN TAKIMLARDAK\u0130 OYUNCULAR, \u015eARTLARI SA\u011eLAMALARI HAL\u0130NDE B\u0130R SONRAK\u0130 YIL BA\u015eKA B\u0130R TAKIMDA OYNAYAB\u0130L\u0130R.<\/li>\n<li>MA\u00c7LAR SATRAN\u00c7SEVER KAFELERDE OYNANACAKTIR.<\/li>\n<li>\u0130T\u0130RAZ DE\u011eERLEND\u0130RME VE KARAR MERC\u0130\u0130 KAPTANLAR KURULUDUR.<\/li>\n<li>GEREKL\u0130 G\u00d6R\u00dcLMES\u0130 DURUMUNDA SEZON \u0130\u00c7\u0130NDE KAPTANLAR KURULU KARARIYLA Y\u00d6NERGEDE DE\u011e\u0130\u015e\u0130KL\u0130K YAPILAB\u0130L\u0130R.<\/li>\n<\/ol>\n","protected":false},"excerpt":{"rendered":"<p>2026 L\u0130G Y\u00d6NERGES\u0130 \u015eubat-Aral\u0131k 2026 ZAMAN KONTROL\u00dc: 30+03 2 A\u015eAMALI 1. A\u015eAMA: 12 TAKIM TEK DEVREL\u0130 L\u0130G. 2. A\u015eAMA: PLAY-OFF \u0130LK 8 TAKIM ARASINDA \u00c7\u0130FT MA\u00c7LI ELEME Y\u00d6NTEM\u0130YLE. TAKIMLARIN KADROLARI EN AZ, 6 EN FAZLA 10 K\u0130\u015e\u0130DEN OLU\u015eUR. TAKIMLAR 2700 TL TEM\u0130NAT YATIRDIKTAN SONRA CEOP PROGRAMI \u00dcZER\u0130NDEN L\u0130GE KAYIT YAPTIRACAKLARDIR. [&hellip;]<\/p>\n","protected":false},"author":1,"featured_media":0,"parent":0,"menu_order":0,"comment_status":"closed","ping_status":"closed","template":"","meta":{"footnotes":""},"class_list":["post-664","page","type-page","status-publish","hentry"],"_links":{"self":[{"href":"https:\/\/satrancsever.com\/index.php\/wp-json\/wp\/v2\/pages\/664","targetHints":{"allow":["GET"]}}],"collection":[{"href":"https:\/\/satrancsever.com\/index.php\/wp-json\/wp\/v2\/pages"}],"about":[{"href":"https:\/\/satrancsever.com\/index.php\/wp-json\/wp\/v2\/types\/page"}],"author":[{"embeddable":true,"href":"https:\/\/satrancsever.com\/index.php\/wp-json\/wp\/v2\/users\/1"}],"replies":[{"embeddable":true,"href":"https:\/\/satrancsever.com\/index.php\/wp-json\/wp\/v2\/comments?post=664"}],"version-history":[{"count":5,"href":"https:\/\/satrancsever.com\/index.php\/wp-json\/wp\/v2\/pages\/664\/revisions"}],"predecessor-version":[{"id":693,"href":"https:\/\/satrancsever.com\/index.php\/wp-json\/wp\/v2\/pages\/664\/revisions\/693"}],"wp:attachment":[{"href":"https:\/\/satrancsever.com\/index.php\/wp-json\/wp\/v2\/media?parent=664"}],"curies":[{"name":"wp","href":"https:\/\/api.w.org\/{rel}","templated":true}]}}