{"id":630,"date":"2025-12-08T10:36:01","date_gmt":"2025-12-08T10:36:01","guid":{"rendered":"https:\/\/satrancsever.com\/?page_id=630"},"modified":"2025-12-08T11:46:56","modified_gmt":"2025-12-08T11:46:56","slug":"2025-puan-tablosu","status":"publish","type":"page","link":"https:\/\/satrancsever.com\/index.php\/2025-puan-tablosu\/","title":{"rendered":"2025 Puan Tablosu"},"content":{"rendered":"<table width=\"480\">\n<tbody>\n<tr>\n<td width=\"201\">2025 Finalistler<\/td>\n<td width=\"64\">1.<\/td>\n<td width=\"64\">2.<\/td>\n<td width=\"64\">3.<\/td>\n<td width=\"87\">Toplam Puan<\/td>\n<\/tr>\n<tr>\n<td>Mehmet K\u0131z\u0131lkaya<\/td>\n<td>40<\/td>\n<td>24<\/td>\n<td>12<\/td>\n<td>76<\/td>\n<\/tr>\n<tr>\n<td>Furkan Akal<\/td>\n<td>30<\/td>\n<td>16<\/td>\n<td>18<\/td>\n<td>64<\/td>\n<\/tr>\n<tr>\n<td>Muhittin B\u00fcker<\/td>\n<td>30<\/td>\n<td><\/td>\n<td>12<\/td>\n<td>42<\/td>\n<\/tr>\n<tr>\n<td>Cem U\u011fur<\/td>\n<td>20<\/td>\n<td>8<\/td>\n<td>6<\/td>\n<td>34<\/td>\n<\/tr>\n<tr>\n<td>Sertan Nazl\u0131<\/td>\n<td><\/td>\n<td>24<\/td>\n<td>6<\/td>\n<td>30<\/td>\n<\/tr>\n<tr>\n<td>Mehmet Canay \u00c7eneli<\/td>\n<td>20<\/td>\n<td>8<\/td>\n<td><\/td>\n<td>28<\/td>\n<\/tr>\n<tr>\n<td>Beng\u00fc Ayan<\/td>\n<td><\/td>\n<td>24<\/td>\n<td><\/td>\n<td>24<\/td>\n<\/tr>\n<tr>\n<td>Meri\u00e7 Zeynel Aker<\/td>\n<td>10<\/td>\n<td>8<\/td>\n<td>6<\/td>\n<td>24<\/td>\n<\/tr>\n<tr>\n<td>Efe Ergani<\/td>\n<td>20<\/td>\n<td><\/td>\n<td><\/td>\n<td>20<\/td>\n<\/tr>\n<tr>\n<td>Korhan K\u0131l\u0131\u00e7<\/td>\n<td>20<\/td>\n<td><\/td>\n<td><\/td>\n<td>20<\/td>\n<\/tr>\n<tr>\n<td>Ali Murat Uygun<\/td>\n<td>10<\/td>\n<td><\/td>\n<td>6<\/td>\n<td>16<\/td>\n<\/tr>\n<tr>\n<td>Onur Alp Duran<\/td>\n<td>10<\/td>\n<td><\/td>\n<td>6<\/td>\n<td>16<\/td>\n<\/tr>\n<tr>\n<td>Muzaffer Karata\u015f<\/td>\n<td><\/td>\n<td>16<\/td>\n<td><\/td>\n<td>16<\/td>\n<\/tr>\n<tr>\n<td>Bar\u0131\u015f Sehir<\/td>\n<td><\/td>\n<td>8<\/td>\n<td>6<\/td>\n<td>14<\/td>\n<\/tr>\n<tr>\n<td>Tufan Can Uzuner<\/td>\n<td><\/td>\n<td>8<\/td>\n<td>6<\/td>\n<td>14<\/td>\n<\/tr>\n<tr>\n<td>Cumali \u00dcnver<\/td>\n<td><\/td>\n<td><\/td>\n<td>12<\/td>\n<td>12<\/td>\n<\/tr>\n<tr>\n<td>\u0130smet Mert Akda\u011f<\/td>\n<td><\/td>\n<td><\/td>\n<td>12<\/td>\n<td>12<\/td>\n<\/tr>\n<tr>\n<td>Bedirhan Dilen<\/td>\n<td>10<\/td>\n<td><\/td>\n<td><\/td>\n<td>10<\/td>\n<\/tr>\n<tr>\n<td>Enes Er\u00f6z<\/td>\n<td>10<\/td>\n<td><\/td>\n<td><\/td>\n<td>10<\/td>\n<\/tr>\n<tr>\n<td>Mustafa Ayg\u00fcn<\/td>\n<td>10<\/td>\n<td><\/td>\n<td><\/td>\n<td>10<\/td>\n<\/tr>\n<tr>\n<td>Nehirg\u00fcl Erden<\/td>\n<td>10<\/td>\n<td><\/td>\n<td><\/td>\n<td>10<\/td>\n<\/tr>\n<tr>\n<td>Umut Topal<\/td>\n<td>10<\/td>\n<td><\/td>\n<td><\/td>\n<td>10<\/td>\n<\/tr>\n<tr>\n<td>Yi\u011fit Pekta\u015f<\/td>\n<td>10<\/td>\n<td><\/td>\n<td><\/td>\n<td>10<\/td>\n<\/tr>\n<tr>\n<td>Ab\u00fclkadir Bener<\/td>\n<td><\/td>\n<td>8<\/td>\n<td><\/td>\n<td>8<\/td>\n<\/tr>\n<tr>\n<td>Ahmet Furkan Altun<\/td>\n<td><\/td>\n<td>8<\/td>\n<td><\/td>\n<td>8<\/td>\n<\/tr>\n<tr>\n<td>Emirhan Koca<\/td>\n<td><\/td>\n<td>8<\/td>\n<td><\/td>\n<td>8<\/td>\n<\/tr>\n<tr>\n<td>Erdem \u0130stekli<\/td>\n<td><\/td>\n<td>8<\/td>\n<td><\/td>\n<td>8<\/td>\n<\/tr>\n<tr>\n<td>Ferruh Yal\u00e7\u0131n<\/td>\n<td><\/td>\n<td>8<\/td>\n<td><\/td>\n<td>8<\/td>\n<\/tr>\n<tr>\n<td>Halit Hanay<\/td>\n<td><\/td>\n<td>8<\/td>\n<td><\/td>\n<td>8<\/td>\n<\/tr>\n<tr>\n<td>\u00d6zg\u00fcn Yal\u00e7\u0131n<\/td>\n<td><\/td>\n<td>8<\/td>\n<td><\/td>\n<td>8<\/td>\n<\/tr>\n<tr>\n<td>Sefa U\u011fur<\/td>\n<td><\/td>\n<td>8<\/td>\n<td><\/td>\n<td>8<\/td>\n<\/tr>\n<tr>\n<td>Serb\u00fclent Kurtulu\u015f<\/td>\n<td><\/td>\n<td>8<\/td>\n<td><\/td>\n<td>8<\/td>\n<\/tr>\n<tr>\n<td>Ahmet Taha \u0130nal<\/td>\n<td><\/td>\n<td><\/td>\n<td>6<\/td>\n<td>6<\/td>\n<\/tr>\n<tr>\n<td>Aliyar Ta\u015f\u00e7\u0131o\u011flu<\/td>\n<td><\/td>\n<td><\/td>\n<td>6<\/td>\n<td>6<\/td>\n<\/tr>\n<tr>\n<td>Ata \u00d6zg\u00fcner<\/td>\n<td><\/td>\n<td><\/td>\n<td>6<\/td>\n<td>6<\/td>\n<\/tr>\n<tr>\n<td>Aysu Tosun<\/td>\n<td><\/td>\n<td><\/td>\n<td>6<\/td>\n<td>6<\/td>\n<\/tr>\n<tr>\n<td>Ege B\u00fcy\u00fckbayram<\/td>\n<td><\/td>\n<td><\/td>\n<td>6<\/td>\n<td>6<\/td>\n<\/tr>\n<tr>\n<td>Emre Hatibo\u011flu<\/td>\n<td><\/td>\n<td><\/td>\n<td>6<\/td>\n<td>6<\/td>\n<\/tr>\n<tr>\n<td>Mert Ayd\u0131n<\/td>\n<td><\/td>\n<td><\/td>\n<td>6<\/td>\n<td>6<\/td>\n<\/tr>\n<tr>\n<td>Mustafa K\u0131rcal\u0131<\/td>\n<td><\/td>\n<td><\/td>\n<td>6<\/td>\n<td>6<\/td>\n<\/tr>\n<tr>\n<td>R\u0131dvan Ta\u015f<\/td>\n<td><\/td>\n<td><\/td>\n<td>6<\/td>\n<td>6<\/td>\n<\/tr>\n<\/tbody>\n<\/table>\n","protected":false},"excerpt":{"rendered":"<p>2025 Finalistler 1. 2. 3. Toplam Puan Mehmet K\u0131z\u0131lkaya 40 24 12 76 Furkan Akal 30 16 18 64 Muhittin B\u00fcker 30 12 42 Cem U\u011fur 20 8 6 34 Sertan Nazl\u0131 24 6 30 Mehmet Canay \u00c7eneli 20 8 28 Beng\u00fc Ayan 24 24 Meri\u00e7 Zeynel Aker 10 8 [&hellip;]<\/p>\n","protected":false},"author":1,"featured_media":0,"parent":0,"menu_order":0,"comment_status":"closed","ping_status":"closed","template":"","meta":{"footnotes":""},"class_list":["post-630","page","type-page","status-publish","hentry"],"_links":{"self":[{"href":"https:\/\/satrancsever.com\/index.php\/wp-json\/wp\/v2\/pages\/630","targetHints":{"allow":["GET"]}}],"collection":[{"href":"https:\/\/satrancsever.com\/index.php\/wp-json\/wp\/v2\/pages"}],"about":[{"href":"https:\/\/satrancsever.com\/index.php\/wp-json\/wp\/v2\/types\/page"}],"author":[{"embeddable":true,"href":"https:\/\/satrancsever.com\/index.php\/wp-json\/wp\/v2\/users\/1"}],"replies":[{"embeddable":true,"href":"https:\/\/satrancsever.com\/index.php\/wp-json\/wp\/v2\/comments?post=630"}],"version-history":[{"count":3,"href":"https:\/\/satrancsever.com\/index.php\/wp-json\/wp\/v2\/pages\/630\/revisions"}],"predecessor-version":[{"id":641,"href":"https:\/\/satrancsever.com\/index.php\/wp-json\/wp\/v2\/pages\/630\/revisions\/641"}],"wp:attachment":[{"href":"https:\/\/satrancsever.com\/index.php\/wp-json\/wp\/v2\/media?parent=630"}],"curies":[{"name":"wp","href":"https:\/\/api.w.org\/{rel}","templated":true}]}}