{"id":580,"date":"2025-03-07T11:39:15","date_gmt":"2025-03-07T11:39:15","guid":{"rendered":"https:\/\/satrancsever.com\/?page_id=580"},"modified":"2025-12-29T12:16:22","modified_gmt":"2025-12-29T12:16:22","slug":"2025-2","status":"publish","type":"page","link":"https:\/\/satrancsever.com\/index.php\/2025-2\/","title":{"rendered":"2025"},"content":{"rendered":"<table width=\"727\">\n<tbody>\n<tr>\n<td width=\"165\">Turnuva<\/td>\n<td width=\"71\">Tarih<\/td>\n<td width=\"145\">1<\/td>\n<td width=\"145\">2<\/td>\n<td width=\"201\">3<\/td>\n<\/tr>\n<tr>\n<td>Fanus<\/td>\n<td>12.01.2025<\/td>\n<td>Furkan Akal<\/td>\n<td>Muzaffer Karata\u015f<\/td>\n<td>Mustafa K\u0131rcal\u0131<\/td>\n<\/tr>\n<tr>\n<td>Fanus<\/td>\n<td>12.01.2025<\/td>\n<td>Korhan K\u0131l\u0131\u00e7<\/td>\n<td>Muzaffer Karata\u015f<\/td>\n<td>Furkan Akal<\/td>\n<\/tr>\n<tr>\n<td>Lavinnia<\/td>\n<td>17.01.2024<\/td>\n<td>Korhan K\u0131l\u0131\u00e7<\/td>\n<td>Sertan Nazl\u0131<\/td>\n<td>Onur Alp Duran<\/td>\n<\/tr>\n<tr>\n<td>If Sokak<\/td>\n<td>26.01.2025<\/td>\n<td>Mehmet K\u0131z\u0131lkaya<\/td>\n<td>Tufan Can Uzuner<\/td>\n<td>Muhittin B\u00fcker<\/td>\n<\/tr>\n<tr>\n<td>\u00dcnite 8+2<\/td>\n<td>7.02.2025<\/td>\n<td>Mehmet Canay \u00c7eneli<\/td>\n<td>Ahmet Furkan Altun<\/td>\n<td>Cem U\u011fur<\/td>\n<\/tr>\n<tr>\n<td>Fanus<\/td>\n<td>9.02.2025<\/td>\n<td>Nehirg\u00fcl Erden<\/td>\n<td>Beng\u00fc Ayan<\/td>\n<td>\u0130smet Mert Akda\u011f<\/td>\n<\/tr>\n<tr>\n<td>Fanus<\/td>\n<td>9.02.2025<\/td>\n<td>Ali Murat Uygun<\/td>\n<td>Beng\u00fc Ayan<\/td>\n<td>Aliyar Ta\u015f\u00e7\u0131o\u011flu<\/td>\n<\/tr>\n<tr>\n<td>CSO<\/td>\n<td>12.02.2025<\/td>\n<td>Muhittin B\u00fcker<\/td>\n<td>Mehmet K\u0131z\u0131lkaya<\/td>\n<td>Cumali \u00dcnver<\/td>\n<\/tr>\n<tr>\n<td>Gemsart<\/td>\n<td>20.02.2025<\/td>\n<td>Furkan Akal<\/td>\n<td>Bar\u0131\u015f Sehir<\/td>\n<td>Ege B\u00fcy\u00fckbayram<\/td>\n<\/tr>\n<tr>\n<td>Voodoo<\/td>\n<td>7.03.2025<\/td>\n<td>Cem U\u011fur<\/td>\n<td>Furkan Akal<\/td>\n<td>Aysu Tosun<\/td>\n<\/tr>\n<tr>\n<td>Voodoo<\/td>\n<td>22.04.2025<\/td>\n<td>Mehmet K\u0131z\u0131lkaya<\/td>\n<td>Halit Hanay<\/td>\n<td>Furkan Akal<\/td>\n<\/tr>\n<tr>\n<td>Boutique R960<\/td>\n<td>7.05.2025<\/td>\n<td>Mehmet K\u0131z\u0131lkaya<\/td>\n<td>Furkan Akal<\/td>\n<td>Meri\u00e7 Zeynel Aker<\/td>\n<\/tr>\n<tr>\n<td>House<\/td>\n<td>10.05.2025<\/td>\n<td>Mehmet Canay \u00c7eneli<\/td>\n<td>Sertan Nazl\u0131<\/td>\n<td>\u0130smet Mert Akda\u011f<\/td>\n<\/tr>\n<tr>\n<td>Gemsart<\/td>\n<td>15.05.2025<\/td>\n<td>Muhittin B\u00fcker<\/td>\n<td>Serb\u00fclent Kurtulu\u015f<\/td>\n<td>Mert Ayd\u0131n<\/td>\n<\/tr>\n<tr>\n<td>Defne Prime R960<\/td>\n<td>21.05.2025<\/td>\n<td>Furkan Akal<\/td>\n<td>Ab\u00fclkadir Bener<\/td>\n<td>Mehmet K\u0131z\u0131lkaya<\/td>\n<\/tr>\n<tr>\n<td>Fanus R960<\/td>\n<td>25.05.2025<\/td>\n<td>Cem U\u011fur<\/td>\n<td>Beng\u00fc Ayan<\/td>\n<td>R\u0131davan Ta\u015f<\/td>\n<\/tr>\n<tr>\n<td>Lavinnia<\/td>\n<td>29.05.2025<\/td>\n<td>Muhittin B\u00fcker<\/td>\n<td>Erdem \u0130stekli<\/td>\n<td>Ahmet Taha \u0130nal<\/td>\n<\/tr>\n<tr>\n<td>100+ Oak<\/td>\n<td>21.06.2025<\/td>\n<td>Mehmet K\u0131z\u0131lkaya<\/td>\n<td>Meri\u00e7 Zeynel Aker<\/td>\n<td>Cumali \u00dcnver<\/td>\n<\/tr>\n<tr>\n<td>Voodoo<\/td>\n<td>25.06.2025<\/td>\n<td>Onur Alp Duran<\/td>\n<td>Sefa U\u011fur<\/td>\n<td>Furkan Akal<\/td>\n<\/tr>\n<tr>\n<td>If Sokak Tunus<\/td>\n<td>20.07.2025<\/td>\n<td>Efe Ergani<\/td>\n<td>Emirhan Koca<\/td>\n<td>Ali Murat Uygun<\/td>\n<\/tr>\n<tr>\n<td>Gemsart<\/td>\n<td>25.07.2025<\/td>\n<td>Efe Ergani<\/td>\n<td>Mehmet K\u0131z\u0131lkaya<\/td>\n<td>Yi\u011fit Pekta\u015f<\/td>\n<\/tr>\n<tr>\n<td>Panta<\/td>\n<td>7.08.2025<\/td>\n<td>Mustafa Ayg\u00fcn<\/td>\n<td>Sertan Nazl\u0131<\/td>\n<td>Emre Hatibo\u011flu<\/td>\n<\/tr>\n<tr>\n<td>Fanus<\/td>\n<td>9.08.2025<\/td>\n<td>Bedirhan Dilen<\/td>\n<td>Mehmet K\u0131z\u0131lkaya<\/td>\n<td>Sertan Nazl\u0131<\/td>\n<\/tr>\n<tr>\n<td>If Sokak Tunus<\/td>\n<td>31.08.2025<\/td>\n<td>Umut Topal<\/td>\n<td>Cem U\u011fur<\/td>\n<td>Bar\u0131\u015f Sehir<\/td>\n<\/tr>\n<tr>\n<td>Gemsart<\/td>\n<td>31.10.2025<\/td>\n<td>Yi\u011fit Pekta\u015f<\/td>\n<td>Mehmet Canay \u00c7eneli<\/td>\n<td>Mehmet K\u0131z\u0131lkaya<\/td>\n<\/tr>\n<tr>\n<td>If Sokak Tunus<\/td>\n<td>9.11.2025<\/td>\n<td>Enes Er\u00f6z<\/td>\n<td>\u00d6zg\u00fcn Yal\u00e7\u0131n<\/td>\n<td>Tufan Can Uzuner\/Ata \u00d6zg\u00fcner<\/td>\n<\/tr>\n<tr>\n<td>If Sokak Tepe Prime<\/td>\n<td>8.12.2025<\/td>\n<td>Meri\u00e7 Zeynel Aker<\/td>\n<td>Ferruh Yal\u00e7\u0131n<\/td>\n<td>Muhittin B\u00fcker<\/td>\n<\/tr>\n<tr>\n<td>Final If Sokak Tepe Prime<\/td>\n<td>28.12.2025<\/td>\n<td>Arda Bekta\u015f<\/td>\n<td>Arda Erg\u00f6nen<\/td>\n<td>Emirhan Koca<\/td>\n<\/tr>\n<\/tbody>\n<\/table>\n","protected":false},"excerpt":{"rendered":"<p>Turnuva Tarih 1 2 3 Fanus 12.01.2025 Furkan Akal Muzaffer Karata\u015f Mustafa K\u0131rcal\u0131 Fanus 12.01.2025 Korhan K\u0131l\u0131\u00e7 Muzaffer Karata\u015f Furkan Akal Lavinnia 17.01.2024 Korhan K\u0131l\u0131\u00e7 Sertan Nazl\u0131 Onur Alp Duran If Sokak 26.01.2025 Mehmet K\u0131z\u0131lkaya Tufan Can Uzuner Muhittin B\u00fcker \u00dcnite 8+2 7.02.2025 Mehmet Canay \u00c7eneli Ahmet Furkan Altun Cem [&hellip;]<\/p>\n","protected":false},"author":1,"featured_media":0,"parent":0,"menu_order":0,"comment_status":"closed","ping_status":"closed","template":"","meta":{"footnotes":""},"class_list":["post-580","page","type-page","status-publish","hentry"],"_links":{"self":[{"href":"https:\/\/satrancsever.com\/index.php\/wp-json\/wp\/v2\/pages\/580","targetHints":{"allow":["GET"]}}],"collection":[{"href":"https:\/\/satrancsever.com\/index.php\/wp-json\/wp\/v2\/pages"}],"about":[{"href":"https:\/\/satrancsever.com\/index.php\/wp-json\/wp\/v2\/types\/page"}],"author":[{"embeddable":true,"href":"https:\/\/satrancsever.com\/index.php\/wp-json\/wp\/v2\/users\/1"}],"replies":[{"embeddable":true,"href":"https:\/\/satrancsever.com\/index.php\/wp-json\/wp\/v2\/comments?post=580"}],"version-history":[{"count":7,"href":"https:\/\/satrancsever.com\/index.php\/wp-json\/wp\/v2\/pages\/580\/revisions"}],"predecessor-version":[{"id":658,"href":"https:\/\/satrancsever.com\/index.php\/wp-json\/wp\/v2\/pages\/580\/revisions\/658"}],"wp:attachment":[{"href":"https:\/\/satrancsever.com\/index.php\/wp-json\/wp\/v2\/media?parent=580"}],"curies":[{"name":"wp","href":"https:\/\/api.w.org\/{rel}","templated":true}]}}