{"id":551,"date":"2025-02-04T11:54:21","date_gmt":"2025-02-04T11:54:21","guid":{"rendered":"https:\/\/satrancsever.com\/?page_id=551"},"modified":"2025-02-04T11:58:55","modified_gmt":"2025-02-04T11:58:55","slug":"gruplar-2","status":"publish","type":"page","link":"https:\/\/satrancsever.com\/index.php\/gruplar-2\/","title":{"rendered":"GRUPLAR"},"content":{"rendered":"<p><img fetchpriority=\"high\" decoding=\"async\" src=\"https:\/\/satrancsever.com\/wp-content\/uploads\/2025\/02\/Basliksiz-57-300x300.jpeg\" alt=\"\" width=\"300\" height=\"300\" class=\"alignnone size-medium wp-image-549\" srcset=\"https:\/\/satrancsever.com\/wp-content\/uploads\/2025\/02\/Basliksiz-57-300x300.jpeg 300w, https:\/\/satrancsever.com\/wp-content\/uploads\/2025\/02\/Basliksiz-57-1024x1024.jpeg 1024w, https:\/\/satrancsever.com\/wp-content\/uploads\/2025\/02\/Basliksiz-57-150x150.jpeg 150w, https:\/\/satrancsever.com\/wp-content\/uploads\/2025\/02\/Basliksiz-57-768x768.jpeg 768w, https:\/\/satrancsever.com\/wp-content\/uploads\/2025\/02\/Basliksiz-57.jpeg 1080w\" sizes=\"(max-width: 300px) 100vw, 300px\" \/><\/p>\n<p>Gruplar\u0131nda ilk \u00fc\u00e7e giren tak\u0131mlar final grubuna y\u00fckseleceklerdir.<\/p>\n","protected":false},"excerpt":{"rendered":"<p>Gruplar\u0131nda ilk \u00fc\u00e7e giren tak\u0131mlar final grubuna y\u00fckseleceklerdir.<\/p>\n","protected":false},"author":1,"featured_media":0,"parent":0,"menu_order":0,"comment_status":"closed","ping_status":"closed","template":"","meta":{"footnotes":""},"class_list":["post-551","page","type-page","status-publish","hentry"],"_links":{"self":[{"href":"https:\/\/satrancsever.com\/index.php\/wp-json\/wp\/v2\/pages\/551","targetHints":{"allow":["GET"]}}],"collection":[{"href":"https:\/\/satrancsever.com\/index.php\/wp-json\/wp\/v2\/pages"}],"about":[{"href":"https:\/\/satrancsever.com\/index.php\/wp-json\/wp\/v2\/types\/page"}],"author":[{"embeddable":true,"href":"https:\/\/satrancsever.com\/index.php\/wp-json\/wp\/v2\/users\/1"}],"replies":[{"embeddable":true,"href":"https:\/\/satrancsever.com\/index.php\/wp-json\/wp\/v2\/comments?post=551"}],"version-history":[{"count":1,"href":"https:\/\/satrancsever.com\/index.php\/wp-json\/wp\/v2\/pages\/551\/revisions"}],"predecessor-version":[{"id":552,"href":"https:\/\/satrancsever.com\/index.php\/wp-json\/wp\/v2\/pages\/551\/revisions\/552"}],"wp:attachment":[{"href":"https:\/\/satrancsever.com\/index.php\/wp-json\/wp\/v2\/media?parent=551"}],"curies":[{"name":"wp","href":"https:\/\/api.w.org\/{rel}","templated":true}]}}