{"id":541,"date":"2025-02-03T21:12:02","date_gmt":"2025-02-03T21:12:02","guid":{"rendered":"https:\/\/satrancsever.com\/?page_id=541"},"modified":"2025-02-03T21:12:02","modified_gmt":"2025-02-03T21:12:02","slug":"gruplar","status":"publish","type":"page","link":"https:\/\/satrancsever.com\/index.php\/gruplar\/","title":{"rendered":"GRUPLAR"},"content":{"rendered":"<table width=\"712\">\n<tbody>\n<tr>\n<td colspan=\"4\" width=\"712\" style=\"text-align: left;\">\n<h1>GRUPLAR<\/h1>\n<\/td>\n<\/tr>\n<tr>\n<td style=\"text-align: left;\"><strong>1.GRUP<\/strong><\/td>\n<td style=\"text-align: left;\"><strong>2.GRUP<\/strong><\/td>\n<td style=\"text-align: left;\"><strong>3.GRUP<\/strong><\/td>\n<td style=\"text-align: left;\"><strong>4.GRUP<\/strong><\/td>\n<\/tr>\n<tr>\n<td>ZUGZWANG<\/td>\n<td>ASKIDA \u015eAH<\/td>\n<td>B\u0130L-KNIGHTS<\/td>\n<td>ODT\u00dc<\/td>\n<\/tr>\n<tr>\n<td>ETL\u0130KG\u00dcC\u00dc<\/td>\n<td>P\u0130YON\u0130ST<\/td>\n<td>P\u0130YON\u0130STLER<\/td>\n<td>GE\u00c7ER P\u0130YONLAR<\/td>\n<\/tr>\n<tr>\n<td>ATA F\u0130L<\/td>\n<td>ROOK\u0130ES<\/td>\n<td>B\u0130L-KINGS<\/td>\n<td>MAH\u015eER\u0130N D\u00d6RT ATLISI<\/td>\n<\/tr>\n<tr>\n<td>FYA<\/td>\n<td>MATADOR<\/td>\n<td>\u00dc\u00c7 B\u00dcY\u00dcKLER<\/td>\n<td>QUEENS<\/td>\n<\/tr>\n<tr>\n<td>\u00c7ATALOVSK\u0130\u0130<\/td>\n<td>DOUBLE CHECKERS<\/td>\n<td>MATE MAN<\/td>\n<td>MATARA<\/td>\n<\/tr>\n<tr>\n<td>G\u0130B\u0130<\/td>\n<td>SATRAN\u00c7 GEM\u0130M\u0130Z<\/td>\n<td>UYUTURUM<\/td>\n<td>CAISSA<\/td>\n<\/tr>\n<\/tbody>\n<\/table>\n","protected":false},"excerpt":{"rendered":"<p>GRUPLAR 1.GRUP 2.GRUP 3.GRUP 4.GRUP ZUGZWANG ASKIDA \u015eAH B\u0130L-KNIGHTS ODT\u00dc ETL\u0130KG\u00dcC\u00dc P\u0130YON\u0130ST P\u0130YON\u0130STLER GE\u00c7ER P\u0130YONLAR ATA F\u0130L ROOK\u0130ES B\u0130L-KINGS MAH\u015eER\u0130N D\u00d6RT ATLISI FYA MATADOR \u00dc\u00c7 B\u00dcY\u00dcKLER QUEENS \u00c7ATALOVSK\u0130\u0130 DOUBLE CHECKERS MATE MAN MATARA G\u0130B\u0130 SATRAN\u00c7 GEM\u0130M\u0130Z UYUTURUM CAISSA<\/p>\n","protected":false},"author":1,"featured_media":0,"parent":0,"menu_order":0,"comment_status":"closed","ping_status":"closed","template":"","meta":{"footnotes":""},"class_list":["post-541","page","type-page","status-publish","hentry"],"_links":{"self":[{"href":"https:\/\/satrancsever.com\/index.php\/wp-json\/wp\/v2\/pages\/541","targetHints":{"allow":["GET"]}}],"collection":[{"href":"https:\/\/satrancsever.com\/index.php\/wp-json\/wp\/v2\/pages"}],"about":[{"href":"https:\/\/satrancsever.com\/index.php\/wp-json\/wp\/v2\/types\/page"}],"author":[{"embeddable":true,"href":"https:\/\/satrancsever.com\/index.php\/wp-json\/wp\/v2\/users\/1"}],"replies":[{"embeddable":true,"href":"https:\/\/satrancsever.com\/index.php\/wp-json\/wp\/v2\/comments?post=541"}],"version-history":[{"count":2,"href":"https:\/\/satrancsever.com\/index.php\/wp-json\/wp\/v2\/pages\/541\/revisions"}],"predecessor-version":[{"id":547,"href":"https:\/\/satrancsever.com\/index.php\/wp-json\/wp\/v2\/pages\/541\/revisions\/547"}],"wp:attachment":[{"href":"https:\/\/satrancsever.com\/index.php\/wp-json\/wp\/v2\/media?parent=541"}],"curies":[{"name":"wp","href":"https:\/\/api.w.org\/{rel}","templated":true}]}}