{"id":534,"date":"2025-02-03T20:40:10","date_gmt":"2025-02-03T20:40:10","guid":{"rendered":"https:\/\/satrancsever.com\/?page_id=534"},"modified":"2025-02-04T11:52:50","modified_gmt":"2025-02-04T11:52:50","slug":"2025-lig","status":"publish","type":"page","link":"https:\/\/satrancsever.com\/index.php\/2025-lig\/","title":{"rendered":"2025 L\u0130G"},"content":{"rendered":"<p><img fetchpriority=\"high\" decoding=\"async\" src=\"https:\/\/satrancsever.com\/wp-content\/uploads\/2025\/02\/Basliksiz-57-300x300.jpeg\" alt=\"\" width=\"300\" height=\"300\" class=\"alignnone size-medium wp-image-549\" srcset=\"https:\/\/satrancsever.com\/wp-content\/uploads\/2025\/02\/Basliksiz-57-300x300.jpeg 300w, https:\/\/satrancsever.com\/wp-content\/uploads\/2025\/02\/Basliksiz-57-1024x1024.jpeg 1024w, https:\/\/satrancsever.com\/wp-content\/uploads\/2025\/02\/Basliksiz-57-150x150.jpeg 150w, https:\/\/satrancsever.com\/wp-content\/uploads\/2025\/02\/Basliksiz-57-768x768.jpeg 768w, https:\/\/satrancsever.com\/wp-content\/uploads\/2025\/02\/Basliksiz-57.jpeg 1080w\" sizes=\"(max-width: 300px) 100vw, 300px\" \/><\/p>\n<p>\u0130LK \u00dc\u00c7E G\u0130REN TAKIMLAR F\u0130NAL GRUBUNA Y\u00dcKSELECEKLERD\u0130R.<\/p>\n","protected":false},"excerpt":{"rendered":"<p>\u0130LK \u00dc\u00c7E G\u0130REN TAKIMLAR F\u0130NAL GRUBUNA Y\u00dcKSELECEKLERD\u0130R.<\/p>\n","protected":false},"author":1,"featured_media":0,"parent":0,"menu_order":0,"comment_status":"closed","ping_status":"closed","template":"","meta":{"footnotes":""},"class_list":["post-534","page","type-page","status-publish","hentry"],"_links":{"self":[{"href":"https:\/\/satrancsever.com\/index.php\/wp-json\/wp\/v2\/pages\/534","targetHints":{"allow":["GET"]}}],"collection":[{"href":"https:\/\/satrancsever.com\/index.php\/wp-json\/wp\/v2\/pages"}],"about":[{"href":"https:\/\/satrancsever.com\/index.php\/wp-json\/wp\/v2\/types\/page"}],"author":[{"embeddable":true,"href":"https:\/\/satrancsever.com\/index.php\/wp-json\/wp\/v2\/users\/1"}],"replies":[{"embeddable":true,"href":"https:\/\/satrancsever.com\/index.php\/wp-json\/wp\/v2\/comments?post=534"}],"version-history":[{"count":4,"href":"https:\/\/satrancsever.com\/index.php\/wp-json\/wp\/v2\/pages\/534\/revisions"}],"predecessor-version":[{"id":550,"href":"https:\/\/satrancsever.com\/index.php\/wp-json\/wp\/v2\/pages\/534\/revisions\/550"}],"wp:attachment":[{"href":"https:\/\/satrancsever.com\/index.php\/wp-json\/wp\/v2\/media?parent=534"}],"curies":[{"name":"wp","href":"https:\/\/api.w.org\/{rel}","templated":true}]}}