{"id":455,"date":"2024-10-14T09:59:25","date_gmt":"2024-10-14T09:59:25","guid":{"rendered":"https:\/\/satrancsever.com\/?page_id=455"},"modified":"2024-10-14T09:59:25","modified_gmt":"2024-10-14T09:59:25","slug":"bireysel-performans-odulleri","status":"publish","type":"page","link":"https:\/\/satrancsever.com\/index.php\/bireysel-performans-odulleri\/","title":{"rendered":"B\u0130REYSEL PERFORMANS \u00d6D\u00dcLLER\u0130"},"content":{"rendered":"<table width=\"755\">\n<tbody>\n<tr>\n<td width=\"31\"><\/td>\n<td width=\"325\">9 Ma\u00e7 ve \u00dczeri Oynayanlar Aras\u0131nda<\/td>\n<td width=\"179\"><\/td>\n<td width=\"88\"><\/td>\n<td width=\"48\"><\/td>\n<td width=\"84\"><\/td>\n<\/tr>\n<tr>\n<td><\/td>\n<td>En \u0130yi Bireysel Performanslar (Masa Farketmeksizin)<\/td>\n<td>TAKIM<\/td>\n<td>Oynad\u0131\u011f\u0131 Ma\u00e7<\/td>\n<td>Puan<\/td>\n<td>Performans<\/td>\n<\/tr>\n<tr>\n<td>1<\/td>\n<td>Burak \u00d6zalp<\/td>\n<td>GE\u00c7ER P\u0130YON<\/td>\n<td>10<\/td>\n<td>9,0<\/td>\n<td>90,00%<\/td>\n<\/tr>\n<tr>\n<td>2<\/td>\n<td>Mehmet Alper \u00c7elebi<\/td>\n<td>FYAKADEM\u0130<\/td>\n<td>15<\/td>\n<td>13,0<\/td>\n<td>87,00%<\/td>\n<\/tr>\n<tr>\n<td>3<\/td>\n<td>Cem Karada\u011f<\/td>\n<td>5 YILDIZ<\/td>\n<td>17<\/td>\n<td>14,5<\/td>\n<td>85,00%<\/td>\n<\/tr>\n<tr>\n<td><\/td>\n<td><\/td>\n<td><\/td>\n<td><\/td>\n<td><\/td>\n<td><\/td>\n<\/tr>\n<tr>\n<td><\/td>\n<td>Masas\u0131nda 9 Ma\u00e7 ve \u00dczeri Oynayanlar Aras\u0131nda<\/td>\n<td><\/td>\n<td><\/td>\n<td><\/td>\n<td><\/td>\n<\/tr>\n<tr>\n<td><\/td>\n<td>Masalara g\u00f6re Bireysel Performanslar<\/td>\n<td><\/td>\n<td><\/td>\n<td><\/td>\n<td><\/td>\n<\/tr>\n<tr>\n<td><\/td>\n<td>1.Masa<\/td>\n<td><\/td>\n<td>Oynad\u0131\u011f\u0131 Ma\u00e7<\/td>\n<td>Puan<\/td>\n<td>Performans<\/td>\n<\/tr>\n<tr>\n<td>1<\/td>\n<td>Burak \u00d6zalp<\/td>\n<td>GE\u00c7ER P\u0130YON<\/td>\n<td>10<\/td>\n<td>9,0<\/td>\n<td>90,00%<\/td>\n<\/tr>\n<tr>\n<td>2<\/td>\n<td>Efe Ergani<\/td>\n<td>MAGICIANS FROM ANKARA<\/td>\n<td>14<\/td>\n<td>11,5<\/td>\n<td>82,14%<\/td>\n<\/tr>\n<tr>\n<td>3<\/td>\n<td>Andrew Mfundo Masiya<\/td>\n<td>GE\u00c7ER P\u0130YONLAR<\/td>\n<td>13<\/td>\n<td>7,0<\/td>\n<td>53,85%<\/td>\n<\/tr>\n<tr>\n<td><\/td>\n<td><\/td>\n<td><\/td>\n<td><\/td>\n<td><\/td>\n<td><\/td>\n<\/tr>\n<tr>\n<td><\/td>\n<td>2. Masa<\/td>\n<td><\/td>\n<td>Oynad\u0131\u011f\u0131 Ma\u00e7<\/td>\n<td>Puan<\/td>\n<td>Performans<\/td>\n<\/tr>\n<tr>\n<td>1<\/td>\n<td>Murat Demirci<\/td>\n<td>5 YILDIZ<\/td>\n<td>15<\/td>\n<td>12,5<\/td>\n<td>83,33%<\/td>\n<\/tr>\n<tr>\n<td>2<\/td>\n<td>Emirhan Koca<\/td>\n<td>MAGICIANS FROM ANKARA<\/td>\n<td>12<\/td>\n<td>9,5<\/td>\n<td>79,17%<\/td>\n<\/tr>\n<tr>\n<td>3<\/td>\n<td>Etka Karabulut<\/td>\n<td>FYAKADEM\u0130<\/td>\n<td>15<\/td>\n<td>11,0<\/td>\n<td>73,33%<\/td>\n<\/tr>\n<tr>\n<td><\/td>\n<td><\/td>\n<td><\/td>\n<td><\/td>\n<td><\/td>\n<td><\/td>\n<\/tr>\n<tr>\n<td><\/td>\n<td>3. Masa \u0130\u00e7in \u00d6d\u00fcl Verilmeyecektir.<\/td>\n<td><\/td>\n<td><\/td>\n<td><\/td>\n<td><\/td>\n<\/tr>\n<\/tbody>\n<\/table>\n","protected":false},"excerpt":{"rendered":"<p>9 Ma\u00e7 ve \u00dczeri Oynayanlar Aras\u0131nda En \u0130yi Bireysel Performanslar (Masa Farketmeksizin) TAKIM Oynad\u0131\u011f\u0131 Ma\u00e7 Puan Performans 1 Burak \u00d6zalp GE\u00c7ER P\u0130YON 10 9,0 90,00% 2 Mehmet Alper \u00c7elebi FYAKADEM\u0130 15 13,0 87,00% 3 Cem Karada\u011f 5 YILDIZ 17 14,5 85,00% Masas\u0131nda 9 Ma\u00e7 ve \u00dczeri Oynayanlar Aras\u0131nda Masalara g\u00f6re [&hellip;]<\/p>\n","protected":false},"author":1,"featured_media":0,"parent":0,"menu_order":0,"comment_status":"closed","ping_status":"closed","template":"","meta":{"footnotes":""},"class_list":["post-455","page","type-page","status-publish","hentry"],"_links":{"self":[{"href":"https:\/\/satrancsever.com\/index.php\/wp-json\/wp\/v2\/pages\/455","targetHints":{"allow":["GET"]}}],"collection":[{"href":"https:\/\/satrancsever.com\/index.php\/wp-json\/wp\/v2\/pages"}],"about":[{"href":"https:\/\/satrancsever.com\/index.php\/wp-json\/wp\/v2\/types\/page"}],"author":[{"embeddable":true,"href":"https:\/\/satrancsever.com\/index.php\/wp-json\/wp\/v2\/users\/1"}],"replies":[{"embeddable":true,"href":"https:\/\/satrancsever.com\/index.php\/wp-json\/wp\/v2\/comments?post=455"}],"version-history":[{"count":1,"href":"https:\/\/satrancsever.com\/index.php\/wp-json\/wp\/v2\/pages\/455\/revisions"}],"predecessor-version":[{"id":456,"href":"https:\/\/satrancsever.com\/index.php\/wp-json\/wp\/v2\/pages\/455\/revisions\/456"}],"wp:attachment":[{"href":"https:\/\/satrancsever.com\/index.php\/wp-json\/wp\/v2\/media?parent=455"}],"curies":[{"name":"wp","href":"https:\/\/api.w.org\/{rel}","templated":true}]}}