{"id":437,"date":"2024-09-25T11:41:41","date_gmt":"2024-09-25T11:41:41","guid":{"rendered":"https:\/\/satrancsever.com\/?page_id=437"},"modified":"2024-09-25T11:41:41","modified_gmt":"2024-09-25T11:41:41","slug":"puan-durumu-12-hafta","status":"publish","type":"page","link":"https:\/\/satrancsever.com\/index.php\/puan-durumu-12-hafta\/","title":{"rendered":"PUAN DURUMU 12. HAFTA"},"content":{"rendered":"<p><google-sheets-html-origin><\/p>\n<style type=\"text\/css\"><!--td {border: 1px solid #cccccc;}br {mso-data-placement:same-cell;}--><\/style>\n<table xmlns=\"http:\/\/www.w3.org\/1999\/xhtml\" cellspacing=\"0\" cellpadding=\"0\" dir=\"ltr\" border=\"1\" data-sheets-root=\"1\" data-sheets-baot=\"1\">\n<colgroup>\n<col width=\"36\" \/>\n<col width=\"191\" \/>\n<col width=\"37\" \/>\n<col width=\"37\" \/>\n<col width=\"37\" \/>\n<col width=\"38\" \/>\n<col width=\"60\" \/>\n<col width=\"55\" \/><\/colgroup>\n<tbody>\n<tr>\n<td>S\u0131ra<\/td>\n<td>Tak\u0131m<\/td>\n<td>O<\/td>\n<td>G<\/td>\n<td>B<\/td>\n<td>M<\/td>\n<td>Puan<\/td>\n<td>TMP<\/td>\n<\/tr>\n<tr>\n<td>1<\/td>\n<td>5 YILDIZ<\/td>\n<td>12<\/td>\n<td>9<\/td>\n<td>2<\/td>\n<td>1<\/td>\n<td>29<\/td>\n<td>30.5<\/td>\n<\/tr>\n<tr>\n<td>2<\/td>\n<td>FYAKADEM\u0130<\/td>\n<td>12<\/td>\n<td>8<\/td>\n<td>4<\/td>\n<td>0<\/td>\n<td>28<\/td>\n<td>27.0<\/td>\n<\/tr>\n<tr>\n<td>3<\/td>\n<td>EN PASSANT<\/td>\n<td>12<\/td>\n<td>8<\/td>\n<td>2<\/td>\n<td>2<\/td>\n<td>26<\/td>\n<td>25.5<\/td>\n<\/tr>\n<tr>\n<td>4<\/td>\n<td>MORPHY KANUNU<\/td>\n<td>12<\/td>\n<td>8<\/td>\n<td>0<\/td>\n<td>4<\/td>\n<td>24<\/td>\n<td>24.5<\/td>\n<\/tr>\n<tr>\n<td>5<\/td>\n<td>MAGICIANS FROM ANKARA<\/td>\n<td>11<\/td>\n<td>7<\/td>\n<td>3<\/td>\n<td>1<\/td>\n<td>24<\/td>\n<td>24.0<\/td>\n<\/tr>\n<tr>\n<td>6<\/td>\n<td>GE\u00c7ER P\u0130YONLAR<\/td>\n<td>12<\/td>\n<td>7<\/td>\n<td>2<\/td>\n<td>3<\/td>\n<td>23<\/td>\n<td>21.0<\/td>\n<\/tr>\n<tr>\n<td>7<\/td>\n<td>ETL\u0130KG\u00dcC\u00dc<\/td>\n<td>10<\/td>\n<td>7<\/td>\n<td>1<\/td>\n<td>2<\/td>\n<td>22<\/td>\n<td>20.0<\/td>\n<\/tr>\n<tr>\n<td>8<\/td>\n<td>K\u00d6RLEME SATRAN\u00c7<\/td>\n<td>12<\/td>\n<td>7<\/td>\n<td>0<\/td>\n<td>5<\/td>\n<td>21<\/td>\n<td>20.0<\/td>\n<\/tr>\n<tr>\n<td>9<\/td>\n<td>CAISSA<\/td>\n<td>12<\/td>\n<td>6<\/td>\n<td>1<\/td>\n<td>5<\/td>\n<td>19<\/td>\n<td>18.5<\/td>\n<\/tr>\n<tr>\n<td>10<\/td>\n<td>YEN\u0130 TAKIM<\/td>\n<td>12<\/td>\n<td>6<\/td>\n<td>1<\/td>\n<td>5<\/td>\n<td>19<\/td>\n<td>17.0<\/td>\n<\/tr>\n<tr>\n<td>11<\/td>\n<td>GE\u00c7ER P\u0130YON<\/td>\n<td>12<\/td>\n<td>4<\/td>\n<td>3<\/td>\n<td>5<\/td>\n<td>15<\/td>\n<td>17.5<\/td>\n<\/tr>\n<tr>\n<td>12<\/td>\n<td>ATA F\u0130L<\/td>\n<td>12<\/td>\n<td>4<\/td>\n<td>1<\/td>\n<td>7<\/td>\n<td>13<\/td>\n<td>19.0<\/td>\n<\/tr>\n<tr>\n<td>13<\/td>\n<td>GAMB\u0130T LOVERS<\/td>\n<td>10<\/td>\n<td>4<\/td>\n<td>0<\/td>\n<td>6<\/td>\n<td>12<\/td>\n<td>10.5<\/td>\n<\/tr>\n<tr>\n<td>14<\/td>\n<td>YOFCG<\/td>\n<td>12<\/td>\n<td>3<\/td>\n<td>1<\/td>\n<td>8<\/td>\n<td>10<\/td>\n<td>11.5<\/td>\n<\/tr>\n<tr>\n<td>15<\/td>\n<td>MATE MEN<\/td>\n<td>12<\/td>\n<td>3<\/td>\n<td>0<\/td>\n<td>9<\/td>\n<td>9<\/td>\n<td>11.0<\/td>\n<\/tr>\n<tr>\n<td>16<\/td>\n<td>BO\u015eTA \u00c7ATAL YOK<\/td>\n<td>12<\/td>\n<td>2<\/td>\n<td>0<\/td>\n<td>10<\/td>\n<td>6<\/td>\n<td>8.5<\/td>\n<\/tr>\n<tr>\n<td>17<\/td>\n<td>ANZEK<\/td>\n<td>12<\/td>\n<td>1<\/td>\n<td>0<\/td>\n<td>11<\/td>\n<td>3<\/td>\n<td>5.0<\/td>\n<\/tr>\n<tr>\n<td>18<\/td>\n<td>HAYRAT<\/td>\n<td>11<\/td>\n<td>0<\/td>\n<td>1<\/td>\n<td>10<\/td>\n<td>1<\/td>\n<td>4.0<\/td>\n<\/tr>\n<\/tbody>\n<\/table>\n<p><\/google-sheets-html-origin><\/p>\n","protected":false},"excerpt":{"rendered":"<p>S\u0131ra Tak\u0131m O G B M Puan TMP 1 5 YILDIZ 12 9 2 1 29 30.5 2 FYAKADEM\u0130 12 8 4 0 28 27.0 3 EN PASSANT 12 8 2 2 26 25.5 4 MORPHY KANUNU 12 8 0 4 24 24.5 5 MAGICIANS FROM ANKARA 11 7 3 [&hellip;]<\/p>\n","protected":false},"author":1,"featured_media":0,"parent":0,"menu_order":0,"comment_status":"closed","ping_status":"closed","template":"","meta":{"footnotes":""},"class_list":["post-437","page","type-page","status-publish","hentry"],"_links":{"self":[{"href":"https:\/\/satrancsever.com\/index.php\/wp-json\/wp\/v2\/pages\/437","targetHints":{"allow":["GET"]}}],"collection":[{"href":"https:\/\/satrancsever.com\/index.php\/wp-json\/wp\/v2\/pages"}],"about":[{"href":"https:\/\/satrancsever.com\/index.php\/wp-json\/wp\/v2\/types\/page"}],"author":[{"embeddable":true,"href":"https:\/\/satrancsever.com\/index.php\/wp-json\/wp\/v2\/users\/1"}],"replies":[{"embeddable":true,"href":"https:\/\/satrancsever.com\/index.php\/wp-json\/wp\/v2\/comments?post=437"}],"version-history":[{"count":1,"href":"https:\/\/satrancsever.com\/index.php\/wp-json\/wp\/v2\/pages\/437\/revisions"}],"predecessor-version":[{"id":438,"href":"https:\/\/satrancsever.com\/index.php\/wp-json\/wp\/v2\/pages\/437\/revisions\/438"}],"wp:attachment":[{"href":"https:\/\/satrancsever.com\/index.php\/wp-json\/wp\/v2\/media?parent=437"}],"curies":[{"name":"wp","href":"https:\/\/api.w.org\/{rel}","templated":true}]}}