{"id":275,"date":"2024-04-02T10:31:57","date_gmt":"2024-04-02T10:31:57","guid":{"rendered":"https:\/\/satrancsever.com\/?page_id=275"},"modified":"2024-04-02T11:03:17","modified_gmt":"2024-04-02T11:03:17","slug":"yonetim-kurulu","status":"publish","type":"page","link":"https:\/\/satrancsever.com\/index.php\/yonetim-kurulu\/","title":{"rendered":"Y\u00d6NET\u0130M KURULU"},"content":{"rendered":"<p>Avni Katipo\u011flu<\/p>\n<p>Mehmet K\u0131z\u0131lkaya<\/p>\n<p>Ersin \u00d6ktem<\/p>\n<p>Ali Ekber G\u00f6kay<\/p>\n<p>Erhan Y\u0131ld\u0131z (Y)<\/p>\n","protected":false},"excerpt":{"rendered":"<p>Avni Katipo\u011flu Mehmet K\u0131z\u0131lkaya Ersin \u00d6ktem Ali Ekber G\u00f6kay Erhan Y\u0131ld\u0131z (Y)<\/p>\n","protected":false},"author":1,"featured_media":0,"parent":0,"menu_order":0,"comment_status":"closed","ping_status":"closed","template":"","meta":{"footnotes":""},"class_list":["post-275","page","type-page","status-publish","hentry"],"_links":{"self":[{"href":"https:\/\/satrancsever.com\/index.php\/wp-json\/wp\/v2\/pages\/275","targetHints":{"allow":["GET"]}}],"collection":[{"href":"https:\/\/satrancsever.com\/index.php\/wp-json\/wp\/v2\/pages"}],"about":[{"href":"https:\/\/satrancsever.com\/index.php\/wp-json\/wp\/v2\/types\/page"}],"author":[{"embeddable":true,"href":"https:\/\/satrancsever.com\/index.php\/wp-json\/wp\/v2\/users\/1"}],"replies":[{"embeddable":true,"href":"https:\/\/satrancsever.com\/index.php\/wp-json\/wp\/v2\/comments?post=275"}],"version-history":[{"count":2,"href":"https:\/\/satrancsever.com\/index.php\/wp-json\/wp\/v2\/pages\/275\/revisions"}],"predecessor-version":[{"id":289,"href":"https:\/\/satrancsever.com\/index.php\/wp-json\/wp\/v2\/pages\/275\/revisions\/289"}],"wp:attachment":[{"href":"https:\/\/satrancsever.com\/index.php\/wp-json\/wp\/v2\/media?parent=275"}],"curies":[{"name":"wp","href":"https:\/\/api.w.org\/{rel}","templated":true}]}}