{"id":262,"date":"2024-04-02T10:19:10","date_gmt":"2024-04-02T10:19:10","guid":{"rendered":"https:\/\/satrancsever.com\/?page_id=262"},"modified":"2024-04-02T10:19:10","modified_gmt":"2024-04-02T10:19:10","slug":"uyelik","status":"publish","type":"page","link":"https:\/\/satrancsever.com\/index.php\/uyelik\/","title":{"rendered":"\u00dcYEL\u0130K"},"content":{"rendered":"<p><span>Satran\u00e7severler Derne\u011fi olarak satranca sayg\u0131nl\u0131\u011f\u0131n\u0131 yeniden kazand\u0131rmak \u00fczere harekete ge\u00e7tik. T\u00fcrkiye\u2019nin en do\u011fusundan en bat\u0131s\u0131na t\u00fcm Satran\u00e7severleri kucaklayarak yola \u00e7\u0131kt\u0131k. Derne\u011fimize katk\u0131da bulunmak ve projelerimizde aktif rol almak isterseniz a\u015fa\u011f\u0131daki formu \u0131slak imzal\u0131 olarak doldurarak 2 foto\u011frafla birlikte ba\u015fvurabilirsiniz. Y\u00f6netim Kurulu karar\u0131 sonras\u0131 \u00fcyeli\u011finiz ger\u00e7ekle\u015fir.<\/span><\/p>\n<p><img fetchpriority=\"high\" decoding=\"async\" src=\"https:\/\/satrancsever.com\/wp-content\/uploads\/2024\/04\/SATRANC-SEVERLER-UYELIK-FORMU_1-212x300.jpg\" alt=\"\" width=\"212\" height=\"300\" class=\"alignnone size-medium wp-image-263\" srcset=\"https:\/\/satrancsever.com\/wp-content\/uploads\/2024\/04\/SATRANC-SEVERLER-UYELIK-FORMU_1-212x300.jpg 212w, https:\/\/satrancsever.com\/wp-content\/uploads\/2024\/04\/SATRANC-SEVERLER-UYELIK-FORMU_1-724x1024.jpg 724w, https:\/\/satrancsever.com\/wp-content\/uploads\/2024\/04\/SATRANC-SEVERLER-UYELIK-FORMU_1-768x1086.jpg 768w, https:\/\/satrancsever.com\/wp-content\/uploads\/2024\/04\/SATRANC-SEVERLER-UYELIK-FORMU_1.jpg 794w\" sizes=\"(max-width: 212px) 100vw, 212px\" \/><\/p>\n<p><a href=\"https:\/\/satrancsever.com\/wp-content\/uploads\/2024\/04\/SATRANC-SEVERLER-UYELIK-FORMU.docx\">SATRAN\u00c7 SEVERLER \u00dcYEL\u0130K FORMU<\/a><\/p>\n","protected":false},"excerpt":{"rendered":"<p>Satran\u00e7severler Derne\u011fi olarak satranca sayg\u0131nl\u0131\u011f\u0131n\u0131 yeniden kazand\u0131rmak \u00fczere harekete ge\u00e7tik. T\u00fcrkiye\u2019nin en do\u011fusundan en bat\u0131s\u0131na t\u00fcm Satran\u00e7severleri kucaklayarak yola \u00e7\u0131kt\u0131k. Derne\u011fimize katk\u0131da bulunmak ve projelerimizde aktif rol almak isterseniz a\u015fa\u011f\u0131daki formu \u0131slak imzal\u0131 olarak doldurarak 2 foto\u011frafla birlikte ba\u015fvurabilirsiniz. Y\u00f6netim Kurulu karar\u0131 sonras\u0131 \u00fcyeli\u011finiz ger\u00e7ekle\u015fir. SATRAN\u00c7 SEVERLER \u00dcYEL\u0130K FORMU<\/p>\n","protected":false},"author":1,"featured_media":0,"parent":0,"menu_order":0,"comment_status":"closed","ping_status":"closed","template":"","meta":{"footnotes":""},"class_list":["post-262","page","type-page","status-publish","hentry"],"_links":{"self":[{"href":"https:\/\/satrancsever.com\/index.php\/wp-json\/wp\/v2\/pages\/262","targetHints":{"allow":["GET"]}}],"collection":[{"href":"https:\/\/satrancsever.com\/index.php\/wp-json\/wp\/v2\/pages"}],"about":[{"href":"https:\/\/satrancsever.com\/index.php\/wp-json\/wp\/v2\/types\/page"}],"author":[{"embeddable":true,"href":"https:\/\/satrancsever.com\/index.php\/wp-json\/wp\/v2\/users\/1"}],"replies":[{"embeddable":true,"href":"https:\/\/satrancsever.com\/index.php\/wp-json\/wp\/v2\/comments?post=262"}],"version-history":[{"count":1,"href":"https:\/\/satrancsever.com\/index.php\/wp-json\/wp\/v2\/pages\/262\/revisions"}],"predecessor-version":[{"id":265,"href":"https:\/\/satrancsever.com\/index.php\/wp-json\/wp\/v2\/pages\/262\/revisions\/265"}],"wp:attachment":[{"href":"https:\/\/satrancsever.com\/index.php\/wp-json\/wp\/v2\/media?parent=262"}],"curies":[{"name":"wp","href":"https:\/\/api.w.org\/{rel}","templated":true}]}}