{"id":252,"date":"2024-04-02T10:07:33","date_gmt":"2024-04-02T10:07:33","guid":{"rendered":"https:\/\/satrancsever.com\/?page_id=252"},"modified":"2024-04-02T11:06:56","modified_gmt":"2024-04-02T11:06:56","slug":"parkta-satranc","status":"publish","type":"page","link":"https:\/\/satrancsever.com\/index.php\/parkta-satranc\/","title":{"rendered":"PARKTA SATRAN\u00c7"},"content":{"rendered":"<p>Satranc\u0131n g\u00f6r\u00fcn\u00fcr olmas\u0131 amac\u0131yla parklarda satran\u00e7 etkinlikleri d\u00fczenledik.<\/p>\n\n\t\t<style type=\"text\/css\">\n\t\t\t#gallery-1 {\n\t\t\t\tmargin: auto;\n\t\t\t}\n\t\t\t#gallery-1 .gallery-item {\n\t\t\t\tfloat: left;\n\t\t\t\tmargin-top: 10px;\n\t\t\t\ttext-align: center;\n\t\t\t\twidth: 33%;\n\t\t\t}\n\t\t\t#gallery-1 img {\n\t\t\t\tborder: 2px solid #cfcfcf;\n\t\t\t}\n\t\t\t#gallery-1 .gallery-caption {\n\t\t\t\tmargin-left: 0;\n\t\t\t}\n\t\t\t\/* see gallery_shortcode() in wp-includes\/media.php *\/\n\t\t<\/style>\n\t\t<div id='gallery-1' class='gallery galleryid-252 gallery-columns-3 gallery-size-thumbnail'><dl class='gallery-item'>\n\t\t\t<dt class='gallery-icon portrait'>\n\t\t\t\t<a href='https:\/\/satrancsever.com\/index.php\/parkta-satranc\/kurtulus4\/'><img decoding=\"async\" width=\"150\" height=\"150\" src=\"https:\/\/satrancsever.com\/wp-content\/uploads\/2024\/04\/kurtulus4-150x150.jpeg\" class=\"attachment-thumbnail size-thumbnail\" alt=\"\" \/><\/a>\n\t\t\t<\/dt><\/dl><dl class='gallery-item'>\n\t\t\t<dt class='gallery-icon portrait'>\n\t\t\t\t<a href='https:\/\/satrancsever.com\/index.php\/parkta-satranc\/belediye2\/'><img decoding=\"async\" width=\"150\" height=\"150\" src=\"https:\/\/satrancsever.com\/wp-content\/uploads\/2024\/04\/belediye2-150x150.jpg\" class=\"attachment-thumbnail size-thumbnail\" alt=\"\" aria-describedby=\"gallery-1-285\" \/><\/a>\n\t\t\t<\/dt>\n\t\t\t\t<dd class='wp-caption-text gallery-caption' id='gallery-1-285'>\n\t\t\t\tPortakal \u00c7i\u00e7e\u011fi\n\t\t\t\t<\/dd><\/dl><dl class='gallery-item'>\n\t\t\t<dt class='gallery-icon portrait'>\n\t\t\t\t<a href='https:\/\/satrancsever.com\/index.php\/parkta-satranc\/belediye-3\/'><img decoding=\"async\" width=\"150\" height=\"150\" src=\"https:\/\/satrancsever.com\/wp-content\/uploads\/2024\/04\/belediye-3-150x150.jpg\" class=\"attachment-thumbnail size-thumbnail\" alt=\"\" \/><\/a>\n\t\t\t<\/dt><\/dl><br style=\"clear: both\" \/>\n\t\t<\/div>\n\n","protected":false},"excerpt":{"rendered":"<p>Satranc\u0131n g\u00f6r\u00fcn\u00fcr olmas\u0131 amac\u0131yla parklarda satran\u00e7 etkinlikleri d\u00fczenledik.<\/p>\n","protected":false},"author":1,"featured_media":0,"parent":0,"menu_order":0,"comment_status":"closed","ping_status":"closed","template":"","meta":{"footnotes":""},"class_list":["post-252","page","type-page","status-publish","hentry"],"_links":{"self":[{"href":"https:\/\/satrancsever.com\/index.php\/wp-json\/wp\/v2\/pages\/252","targetHints":{"allow":["GET"]}}],"collection":[{"href":"https:\/\/satrancsever.com\/index.php\/wp-json\/wp\/v2\/pages"}],"about":[{"href":"https:\/\/satrancsever.com\/index.php\/wp-json\/wp\/v2\/types\/page"}],"author":[{"embeddable":true,"href":"https:\/\/satrancsever.com\/index.php\/wp-json\/wp\/v2\/users\/1"}],"replies":[{"embeddable":true,"href":"https:\/\/satrancsever.com\/index.php\/wp-json\/wp\/v2\/comments?post=252"}],"version-history":[{"count":4,"href":"https:\/\/satrancsever.com\/index.php\/wp-json\/wp\/v2\/pages\/252\/revisions"}],"predecessor-version":[{"id":295,"href":"https:\/\/satrancsever.com\/index.php\/wp-json\/wp\/v2\/pages\/252\/revisions\/295"}],"wp:attachment":[{"href":"https:\/\/satrancsever.com\/index.php\/wp-json\/wp\/v2\/media?parent=252"}],"curies":[{"name":"wp","href":"https:\/\/api.w.org\/{rel}","templated":true}]}}