{"id":174,"date":"2024-04-02T08:45:33","date_gmt":"2024-04-02T08:45:33","guid":{"rendered":"https:\/\/satrancsever.com\/?page_id=174"},"modified":"2024-04-02T08:51:46","modified_gmt":"2024-04-02T08:51:46","slug":"sah-ve-piyon-oyku-yarismasi","status":"publish","type":"page","link":"https:\/\/satrancsever.com\/index.php\/sah-ve-piyon-oyku-yarismasi\/","title":{"rendered":"\u015eAH VE P\u0130YON \u00d6YK\u00dc YARI\u015eMASI"},"content":{"rendered":"<p>Sapiens Yay\u0131nevi ile d\u00fczenledi\u011fimiz satran\u00e7 temal\u0131 \u00f6yk\u00fc yar\u0131\u015fmas\u0131na 60 \u00f6yk\u00fc kat\u0131ld\u0131. Sapiens Yay\u0131nevi&#8217;nce se\u00e7ilen 10 \u00f6yk\u00fc <a href=\"https:\/\/www.dr.com.tr\/Kitap\/sah-Piyon-Satranc-oykuleri\/Edebiyat\/Turk-oyku\/urunno=0002098097001\">kitapla\u015ft\u0131r\u0131ld\u0131. (T\u0131klayarak ula\u015fabilirsiniz).<\/a><\/p>\n<p><img fetchpriority=\"high\" decoding=\"async\" src=\"https:\/\/satrancsever.com\/wp-content\/uploads\/2024\/04\/WhatsApp-Gorsel-2024-02-13-saat-13.29.05_f44a8257-300x225.jpg\" alt=\"\" width=\"300\" height=\"225\" class=\"alignnone size-medium wp-image-176\" srcset=\"https:\/\/satrancsever.com\/wp-content\/uploads\/2024\/04\/WhatsApp-Gorsel-2024-02-13-saat-13.29.05_f44a8257-300x225.jpg 300w, https:\/\/satrancsever.com\/wp-content\/uploads\/2024\/04\/WhatsApp-Gorsel-2024-02-13-saat-13.29.05_f44a8257-1024x768.jpg 1024w, https:\/\/satrancsever.com\/wp-content\/uploads\/2024\/04\/WhatsApp-Gorsel-2024-02-13-saat-13.29.05_f44a8257-768x576.jpg 768w, https:\/\/satrancsever.com\/wp-content\/uploads\/2024\/04\/WhatsApp-Gorsel-2024-02-13-saat-13.29.05_f44a8257-1536x1152.jpg 1536w, https:\/\/satrancsever.com\/wp-content\/uploads\/2024\/04\/WhatsApp-Gorsel-2024-02-13-saat-13.29.05_f44a8257.jpg 2048w\" sizes=\"(max-width: 300px) 100vw, 300px\" \/><\/p>\n","protected":false},"excerpt":{"rendered":"<p>Sapiens Yay\u0131nevi ile d\u00fczenledi\u011fimiz satran\u00e7 temal\u0131 \u00f6yk\u00fc yar\u0131\u015fmas\u0131na 60 \u00f6yk\u00fc kat\u0131ld\u0131. Sapiens Yay\u0131nevi&#8217;nce se\u00e7ilen 10 \u00f6yk\u00fc kitapla\u015ft\u0131r\u0131ld\u0131. (T\u0131klayarak ula\u015fabilirsiniz).<\/p>\n","protected":false},"author":1,"featured_media":0,"parent":0,"menu_order":0,"comment_status":"closed","ping_status":"closed","template":"","meta":{"footnotes":""},"class_list":["post-174","page","type-page","status-publish","hentry"],"_links":{"self":[{"href":"https:\/\/satrancsever.com\/index.php\/wp-json\/wp\/v2\/pages\/174","targetHints":{"allow":["GET"]}}],"collection":[{"href":"https:\/\/satrancsever.com\/index.php\/wp-json\/wp\/v2\/pages"}],"about":[{"href":"https:\/\/satrancsever.com\/index.php\/wp-json\/wp\/v2\/types\/page"}],"author":[{"embeddable":true,"href":"https:\/\/satrancsever.com\/index.php\/wp-json\/wp\/v2\/users\/1"}],"replies":[{"embeddable":true,"href":"https:\/\/satrancsever.com\/index.php\/wp-json\/wp\/v2\/comments?post=174"}],"version-history":[{"count":3,"href":"https:\/\/satrancsever.com\/index.php\/wp-json\/wp\/v2\/pages\/174\/revisions"}],"predecessor-version":[{"id":183,"href":"https:\/\/satrancsever.com\/index.php\/wp-json\/wp\/v2\/pages\/174\/revisions\/183"}],"wp:attachment":[{"href":"https:\/\/satrancsever.com\/index.php\/wp-json\/wp\/v2\/media?parent=174"}],"curies":[{"name":"wp","href":"https:\/\/api.w.org\/{rel}","templated":true}]}}