{"id":164,"date":"2024-04-02T08:42:44","date_gmt":"2024-04-02T08:42:44","guid":{"rendered":"https:\/\/satrancsever.com\/?page_id=164"},"modified":"2024-04-02T08:42:44","modified_gmt":"2024-04-02T08:42:44","slug":"satrancsever-ressamlar","status":"publish","type":"page","link":"https:\/\/satrancsever.com\/index.php\/satrancsever-ressamlar\/","title":{"rendered":"SATRAN\u00c7SEVER RESSAMLAR"},"content":{"rendered":"<p>T\u00fcrkiye&#8217;nin \u00f6nde gelen ressamlar\u0131 Adem Ba\u015fp\u0131nar, Derya Y\u0131ld\u0131z, Nadir Baylan, Hakan Eraslan ve Sinem Kaya bizim i\u00e7in satran\u00e7 temal\u0131 resimler yapt\u0131lar.<\/p>\n\n\t\t<style type=\"text\/css\">\n\t\t\t#gallery-1 {\n\t\t\t\tmargin: auto;\n\t\t\t}\n\t\t\t#gallery-1 .gallery-item {\n\t\t\t\tfloat: left;\n\t\t\t\tmargin-top: 10px;\n\t\t\t\ttext-align: center;\n\t\t\t\twidth: 33%;\n\t\t\t}\n\t\t\t#gallery-1 img {\n\t\t\t\tborder: 2px solid #cfcfcf;\n\t\t\t}\n\t\t\t#gallery-1 .gallery-caption {\n\t\t\t\tmargin-left: 0;\n\t\t\t}\n\t\t\t\/* see gallery_shortcode() in wp-includes\/media.php *\/\n\t\t<\/style>\n\t\t<div id='gallery-1' class='gallery galleryid-164 gallery-columns-3 gallery-size-thumbnail'><dl class='gallery-item'>\n\t\t\t<dt class='gallery-icon landscape'>\n\t\t\t\t<a href='https:\/\/satrancsever.com\/index.php\/satrancsever-ressamlar\/whatsapp-gorsel-2023-09-18-saat-14-44-05\/'><img decoding=\"async\" width=\"150\" height=\"150\" src=\"https:\/\/satrancsever.com\/wp-content\/uploads\/2024\/04\/WhatsApp-Gorsel-2023-09-18-saat-14.44.05-150x150.jpg\" class=\"attachment-thumbnail size-thumbnail\" alt=\"\" \/><\/a>\n\t\t\t<\/dt><\/dl><dl class='gallery-item'>\n\t\t\t<dt class='gallery-icon portrait'>\n\t\t\t\t<a href='https:\/\/satrancsever.com\/index.php\/satrancsever-ressamlar\/whatsapp-gorsel-2023-09-18-saat-14-47-55\/'><img decoding=\"async\" width=\"150\" height=\"150\" src=\"https:\/\/satrancsever.com\/wp-content\/uploads\/2024\/04\/WhatsApp-Gorsel-2023-09-18-saat-14.47.55-150x150.jpg\" class=\"attachment-thumbnail size-thumbnail\" alt=\"\" \/><\/a>\n\t\t\t<\/dt><\/dl><dl class='gallery-item'>\n\t\t\t<dt class='gallery-icon portrait'>\n\t\t\t\t<a href='https:\/\/satrancsever.com\/index.php\/satrancsever-ressamlar\/whatsapp-gorsel-2023-09-18-saat-14-46-40\/'><img decoding=\"async\" width=\"150\" height=\"150\" src=\"https:\/\/satrancsever.com\/wp-content\/uploads\/2024\/04\/WhatsApp-Gorsel-2023-09-18-saat-14.46.40-150x150.jpg\" class=\"attachment-thumbnail size-thumbnail\" alt=\"\" \/><\/a>\n\t\t\t<\/dt><\/dl><br style=\"clear: both\" \/><dl class='gallery-item'>\n\t\t\t<dt class='gallery-icon landscape'>\n\t\t\t\t<a href='https:\/\/satrancsever.com\/index.php\/satrancsever-ressamlar\/whatsapp-gorsel-2023-09-18-saat-14-46-402\/'><img loading=\"lazy\" decoding=\"async\" width=\"150\" height=\"150\" src=\"https:\/\/satrancsever.com\/wp-content\/uploads\/2024\/04\/WhatsApp-Gorsel-2023-09-18-saat-14.46.402-150x150.jpg\" class=\"attachment-thumbnail size-thumbnail\" alt=\"\" srcset=\"https:\/\/satrancsever.com\/wp-content\/uploads\/2024\/04\/WhatsApp-Gorsel-2023-09-18-saat-14.46.402-150x150.jpg 150w, https:\/\/satrancsever.com\/wp-content\/uploads\/2024\/04\/WhatsApp-Gorsel-2023-09-18-saat-14.46.402-300x300.jpg 300w, https:\/\/satrancsever.com\/wp-content\/uploads\/2024\/04\/WhatsApp-Gorsel-2023-09-18-saat-14.46.402-768x765.jpg 768w, https:\/\/satrancsever.com\/wp-content\/uploads\/2024\/04\/WhatsApp-Gorsel-2023-09-18-saat-14.46.402.jpg 1024w\" sizes=\"(max-width: 150px) 100vw, 150px\" \/><\/a>\n\t\t\t<\/dt><\/dl><dl class='gallery-item'>\n\t\t\t<dt class='gallery-icon landscape'>\n\t\t\t\t<a href='https:\/\/satrancsever.com\/index.php\/satrancsever-ressamlar\/whatsapp-gorsel-2023-09-18-saat-14-46-05-2\/'><img loading=\"lazy\" decoding=\"async\" width=\"150\" height=\"150\" src=\"https:\/\/satrancsever.com\/wp-content\/uploads\/2024\/04\/WhatsApp-Gorsel-2023-09-18-saat-14.46.05-150x150.jpg\" class=\"attachment-thumbnail size-thumbnail\" alt=\"\" srcset=\"https:\/\/satrancsever.com\/wp-content\/uploads\/2024\/04\/WhatsApp-Gorsel-2023-09-18-saat-14.46.05-150x150.jpg 150w, https:\/\/satrancsever.com\/wp-content\/uploads\/2024\/04\/WhatsApp-Gorsel-2023-09-18-saat-14.46.05-300x300.jpg 300w, https:\/\/satrancsever.com\/wp-content\/uploads\/2024\/04\/WhatsApp-Gorsel-2023-09-18-saat-14.46.05-768x765.jpg 768w, https:\/\/satrancsever.com\/wp-content\/uploads\/2024\/04\/WhatsApp-Gorsel-2023-09-18-saat-14.46.05.jpg 1024w\" sizes=\"(max-width: 150px) 100vw, 150px\" \/><\/a>\n\t\t\t<\/dt><\/dl><dl class='gallery-item'>\n\t\t\t<dt class='gallery-icon landscape'>\n\t\t\t\t<a href='https:\/\/satrancsever.com\/index.php\/satrancsever-ressamlar\/whatsapp-gorsel-2023-09-18-saat-14-46-23\/'><img loading=\"lazy\" decoding=\"async\" width=\"150\" height=\"150\" src=\"https:\/\/satrancsever.com\/wp-content\/uploads\/2024\/04\/WhatsApp-Gorsel-2023-09-18-saat-14.46.23-150x150.jpg\" class=\"attachment-thumbnail size-thumbnail\" alt=\"\" \/><\/a>\n\t\t\t<\/dt><\/dl><br style=\"clear: both\" \/><dl class='gallery-item'>\n\t\t\t<dt class='gallery-icon portrait'>\n\t\t\t\t<a href='https:\/\/satrancsever.com\/index.php\/satrancsever-ressamlar\/whatsapp-gorsel-2023-09-18-saat-14-51-58\/'><img loading=\"lazy\" decoding=\"async\" width=\"150\" height=\"150\" src=\"https:\/\/satrancsever.com\/wp-content\/uploads\/2024\/04\/WhatsApp-Gorsel-2023-09-18-saat-14.51.58-150x150.jpg\" class=\"attachment-thumbnail size-thumbnail\" alt=\"\" \/><\/a>\n\t\t\t<\/dt><\/dl><dl class='gallery-item'>\n\t\t\t<dt class='gallery-icon landscape'>\n\t\t\t\t<a href='https:\/\/satrancsever.com\/index.php\/satrancsever-ressamlar\/sinem-kaya\/'><img loading=\"lazy\" decoding=\"async\" width=\"150\" height=\"150\" src=\"https:\/\/satrancsever.com\/wp-content\/uploads\/2024\/04\/Sinem-Kaya-150x150.jpg\" class=\"attachment-thumbnail size-thumbnail\" alt=\"\" srcset=\"https:\/\/satrancsever.com\/wp-content\/uploads\/2024\/04\/Sinem-Kaya-150x150.jpg 150w, https:\/\/satrancsever.com\/wp-content\/uploads\/2024\/04\/Sinem-Kaya-300x298.jpg 300w, https:\/\/satrancsever.com\/wp-content\/uploads\/2024\/04\/Sinem-Kaya.jpg 528w\" sizes=\"(max-width: 150px) 100vw, 150px\" \/><\/a>\n\t\t\t<\/dt><\/dl>\n\t\t\t<br style='clear: both' \/>\n\t\t<\/div>\n\n","protected":false},"excerpt":{"rendered":"<p>T\u00fcrkiye&#8217;nin \u00f6nde gelen ressamlar\u0131 Adem Ba\u015fp\u0131nar, Derya Y\u0131ld\u0131z, Nadir Baylan, Hakan Eraslan ve Sinem Kaya bizim i\u00e7in satran\u00e7 temal\u0131 resimler yapt\u0131lar.<\/p>\n","protected":false},"author":1,"featured_media":0,"parent":0,"menu_order":0,"comment_status":"closed","ping_status":"closed","template":"","meta":{"footnotes":""},"class_list":["post-164","page","type-page","status-publish","hentry"],"_links":{"self":[{"href":"https:\/\/satrancsever.com\/index.php\/wp-json\/wp\/v2\/pages\/164","targetHints":{"allow":["GET"]}}],"collection":[{"href":"https:\/\/satrancsever.com\/index.php\/wp-json\/wp\/v2\/pages"}],"about":[{"href":"https:\/\/satrancsever.com\/index.php\/wp-json\/wp\/v2\/types\/page"}],"author":[{"embeddable":true,"href":"https:\/\/satrancsever.com\/index.php\/wp-json\/wp\/v2\/users\/1"}],"replies":[{"embeddable":true,"href":"https:\/\/satrancsever.com\/index.php\/wp-json\/wp\/v2\/comments?post=164"}],"version-history":[{"count":1,"href":"https:\/\/satrancsever.com\/index.php\/wp-json\/wp\/v2\/pages\/164\/revisions"}],"predecessor-version":[{"id":173,"href":"https:\/\/satrancsever.com\/index.php\/wp-json\/wp\/v2\/pages\/164\/revisions\/173"}],"wp:attachment":[{"href":"https:\/\/satrancsever.com\/index.php\/wp-json\/wp\/v2\/media?parent=164"}],"curies":[{"name":"wp","href":"https:\/\/api.w.org\/{rel}","templated":true}]}}