{"id":134,"date":"2024-04-02T07:55:55","date_gmt":"2024-04-02T07:55:55","guid":{"rendered":"https:\/\/satrancsever.com\/?page_id=134"},"modified":"2024-04-02T10:36:42","modified_gmt":"2024-04-02T10:36:42","slug":"satrancsever-turnuvalar","status":"publish","type":"page","link":"https:\/\/satrancsever.com\/index.php\/satrancsever-turnuvalar\/","title":{"rendered":"Satran\u00e7sever Turnuvalar"},"content":{"rendered":"<p>Turnuvalar\u0131m\u0131zda kay\u0131t \u00fccreti yoktur.<\/p>\n<p>Turnuvalar\u0131m\u0131z elosuz-ukdsiz, hakemsiz sosyal etkinliklerdir. Oyuncular al\u0131nmas\u0131 gereken kararlar\u0131 kendi aralar\u0131nda kar\u015f\u0131l\u0131kl\u0131 sayg\u0131 sevgi \u00e7er\u00e7evesinde al\u0131rlar.<\/p>\n<p>Turnuvalar\u0131m\u0131z satran\u00e7sever mekanlarda oynan\u0131r. Turnuva s\u0131ras\u0131nda m\u00fczik devam eder.<\/p>\n<p>Satranc\u0131n ya\u015f\u0131n\u0131n olmad\u0131\u011f\u0131n\u0131 d\u00fc\u015f\u00fcn\u00fcyoruz. Dolay\u0131s\u0131yla turnuvalar\u0131m\u0131zda\u00a0 herhangi bir ya\u015f s\u0131n\u0131rlamas\u0131 yoktur. Etkinliklerimize bug\u00fcne kadar 7-75 ya\u015f aras\u0131nda kat\u0131l\u0131mc\u0131lar kat\u0131lm\u0131\u015ft\u0131r.<\/p>\n<p>Kay\u0131tlar \u00e7evrimi\u00e7i form \u00fczerinden yap\u0131l\u0131r. Kontenjanlar doldu\u011funda kay\u0131tlar otomatik kapan\u0131r.<\/p>\n<p>Kontenjanlar k\u0131s\u0131tl\u0131 oldu\u011fundan, di\u011fer arkada\u015flar\u0131m\u0131z\u0131n yar\u0131\u015fmaya kat\u0131lmalar\u0131na engel olmamak ad\u0131na <strong>yaln\u0131zca kesin gelebilecek durumda olan kay\u0131t yapt\u0131rmalar\u0131n\u0131 rica ediyoruz.<\/strong><\/p>\n<p>Yedek listesi olu\u015fturulmaz. Gelemeyece\u011fini bildiren olursa kay\u0131t formu etkinlik tarihinden bir g\u00fcn \u00f6nce yeniden a\u00e7\u0131l\u0131r. Kay\u0131t yapt\u0131r\u0131p, habersiz gelmeyenlerin kat\u0131l\u0131m hakk\u0131 1 y\u0131l s\u00fcreyle ertelenir.<\/p>\n<p>Turnuvalarda swissonlinetournament.com e\u015flendirme program\u0131 kullan\u0131l\u0131r.<\/p>\n<p>2 imkans\u0131z hamle yapan ve s\u00fcresi dolan ma\u00e7\u0131 kaybeder.<\/p>\n<p>Kazanan 1, kaybeden 0, berabere kalan 0,5 puan al\u0131r.<\/p>\n<p>En fazla puan alan yar\u0131\u015fmay\u0131 kazan\u0131r.<\/p>\n<p>Birinciye madalya verilir.<\/p>\n<p>\u0130lk 3&#8217;e girenler y\u0131lsonu final turnuvas\u0131nda yar\u0131\u015fmaya hak kazan\u0131rlar.<\/p>\n","protected":false},"excerpt":{"rendered":"<p>Turnuvalar\u0131m\u0131zda kay\u0131t \u00fccreti yoktur. Turnuvalar\u0131m\u0131z elosuz-ukdsiz, hakemsiz sosyal etkinliklerdir. Oyuncular al\u0131nmas\u0131 gereken kararlar\u0131 kendi aralar\u0131nda kar\u015f\u0131l\u0131kl\u0131 sayg\u0131 sevgi \u00e7er\u00e7evesinde al\u0131rlar. Turnuvalar\u0131m\u0131z satran\u00e7sever mekanlarda oynan\u0131r. Turnuva s\u0131ras\u0131nda m\u00fczik devam eder. Satranc\u0131n ya\u015f\u0131n\u0131n olmad\u0131\u011f\u0131n\u0131 d\u00fc\u015f\u00fcn\u00fcyoruz. Dolay\u0131s\u0131yla turnuvalar\u0131m\u0131zda\u00a0 herhangi bir ya\u015f s\u0131n\u0131rlamas\u0131 yoktur. Etkinliklerimize bug\u00fcne kadar 7-75 ya\u015f aras\u0131nda kat\u0131l\u0131mc\u0131lar kat\u0131lm\u0131\u015ft\u0131r. Kay\u0131tlar \u00e7evrimi\u00e7i [&hellip;]<\/p>\n","protected":false},"author":1,"featured_media":0,"parent":0,"menu_order":0,"comment_status":"closed","ping_status":"closed","template":"","meta":{"footnotes":""},"class_list":["post-134","page","type-page","status-publish","hentry"],"_links":{"self":[{"href":"https:\/\/satrancsever.com\/index.php\/wp-json\/wp\/v2\/pages\/134","targetHints":{"allow":["GET"]}}],"collection":[{"href":"https:\/\/satrancsever.com\/index.php\/wp-json\/wp\/v2\/pages"}],"about":[{"href":"https:\/\/satrancsever.com\/index.php\/wp-json\/wp\/v2\/types\/page"}],"author":[{"embeddable":true,"href":"https:\/\/satrancsever.com\/index.php\/wp-json\/wp\/v2\/users\/1"}],"replies":[{"embeddable":true,"href":"https:\/\/satrancsever.com\/index.php\/wp-json\/wp\/v2\/comments?post=134"}],"version-history":[{"count":2,"href":"https:\/\/satrancsever.com\/index.php\/wp-json\/wp\/v2\/pages\/134\/revisions"}],"predecessor-version":[{"id":278,"href":"https:\/\/satrancsever.com\/index.php\/wp-json\/wp\/v2\/pages\/134\/revisions\/278"}],"wp:attachment":[{"href":"https:\/\/satrancsever.com\/index.php\/wp-json\/wp\/v2\/media?parent=134"}],"curies":[{"name":"wp","href":"https:\/\/api.w.org\/{rel}","templated":true}]}}