{"id":132,"date":"2024-04-02T07:46:24","date_gmt":"2024-04-02T07:46:24","guid":{"rendered":"https:\/\/satrancsever.com\/?page_id=132"},"modified":"2024-04-02T07:46:24","modified_gmt":"2024-04-02T07:46:24","slug":"2023-2","status":"publish","type":"page","link":"https:\/\/satrancsever.com\/index.php\/2023-2\/","title":{"rendered":"2023"},"content":{"rendered":"<table width=\"657\">\n<tbody>\n<tr>\n<td width=\"151\">Turnuva<\/td>\n<td width=\"71\">Tarih<\/td>\n<td width=\"145\">1<\/td>\n<td width=\"145\">2<\/td>\n<td width=\"145\">3<\/td>\n<\/tr>\n<tr>\n<td>Silence<\/td>\n<td>11.01.2023<\/td>\n<td>Mehmet K\u0131z\u0131lkaya<\/td>\n<td>Cumali \u00dcnver<\/td>\n<td>Tufan Can Uzuner<\/td>\n<\/tr>\n<tr>\n<td>If Sokak Tunus<\/td>\n<td>15.01.2023<\/td>\n<td>Emin Co\u015fgun<\/td>\n<td>Erkan Fikret G\u00f6r<\/td>\n<td>Serhan \u015een<\/td>\n<\/tr>\n<tr>\n<td>Lobi<\/td>\n<td>26.01.2023<\/td>\n<td>Bedirhan Dilen<\/td>\n<td>Mustafa Dan\u0131\u015fman<\/td>\n<td>Okan Demirkan<\/td>\n<\/tr>\n<tr>\n<td>If Sokak \u00c7ayyolu<\/td>\n<td>29.01.2023<\/td>\n<td>Sefa U\u011fur<\/td>\n<td>Taha Can \u00d6zt\u00fcrk<\/td>\n<td>Baran Erdo\u011fan<\/td>\n<\/tr>\n<tr>\n<td>Meow<\/td>\n<td>17.03.2023<\/td>\n<td>Mehmet Canay \u00c7eneli<\/td>\n<td>Sefa U\u011fur<\/td>\n<td>Efe S\u0131vac\u0131<\/td>\n<\/tr>\n<tr>\n<td>Duka<\/td>\n<td>30.03.2023<\/td>\n<td>Cumali \u00dcnver<\/td>\n<td>Mehmet Canay \u00c7eneli<\/td>\n<td>Mehmet K\u0131z\u0131lkaya<\/td>\n<\/tr>\n<tr>\n<td>Retto<\/td>\n<td>6.04.2023<\/td>\n<td>Tahir Soylu<\/td>\n<td>Fikret Erkan G\u00f6r<\/td>\n<td>Halil Burak Aksoy<\/td>\n<\/tr>\n<tr>\n<td>Retto 3+2<\/td>\n<td>6.04.2023<\/td>\n<td>Mehmet Emin \u0130yi<\/td>\n<td>Mehmet K\u0131z\u0131lkaya<\/td>\n<td>Fikret Erkan G\u00f6r<\/td>\n<\/tr>\n<tr>\n<td>Ada<\/td>\n<td>12.04.2023<\/td>\n<td>Mehmet Emin \u0130yi<\/td>\n<td>Hakan Alpy\u00fcr\u00fck<\/td>\n<td>Yal\u00e7\u0131n Selek<\/td>\n<\/tr>\n<tr>\n<td>Ada 3+2<\/td>\n<td>12.04.2023<\/td>\n<td>Ba\u015far Karaca<\/td>\n<td>Mehmet K\u0131z\u0131lkaya<\/td>\n<td>\u015eafak Yaprak<\/td>\n<\/tr>\n<tr>\n<td>Sweetish<\/td>\n<td>14.04.2023<\/td>\n<td>Mustafa Dan\u0131\u015fman<\/td>\n<td>G\u00fcng\u00f6r Aydo\u011fan<\/td>\n<td>Mehmet Emin \u0130yi<\/td>\n<\/tr>\n<tr>\n<td>Baharevi<\/td>\n<td>15.04.2023<\/td>\n<td>M\u00fccahit Meral<\/td>\n<td>Saad Al Jabri<\/td>\n<td>Kadir K\u00fc\u00e7\u00fck<\/td>\n<\/tr>\n<tr>\n<td>Nart<\/td>\n<td>11.05.2023<\/td>\n<td>Yal\u00e7\u0131n Selek<\/td>\n<td>Ali Kozan<\/td>\n<td>U\u011fur \u00d6zdemir<\/td>\n<\/tr>\n<tr>\n<td>If Sokak \u00c7ayyolu<\/td>\n<td>18.06.2023<\/td>\n<td>Osman Talha Yurto\u011flu<\/td>\n<td>Berat \u00d6zdemir<\/td>\n<td>Bedirhan Dilen<\/td>\n<\/tr>\n<tr>\n<td>If Sokak Tunus<\/td>\n<td>16.07.2023<\/td>\n<td>Baturalp Mete<\/td>\n<td>Mustafa Ayg\u00fcn<\/td>\n<td>\u0130smet Mert Akda\u011f<\/td>\n<\/tr>\n<tr>\n<td>Kurtulu\u015f Park\u0131<\/td>\n<td>18.07.2023<\/td>\n<td>Nazmican Do\u011fan<\/td>\n<td>Mehmet K\u0131z\u0131lkaya<\/td>\n<td>Cumali \u00dcnver<\/td>\n<\/tr>\n<tr>\n<td>Sapiens<\/td>\n<td>12.08.2023<\/td>\n<td>Yusuf Hast\u00fcrk<\/td>\n<td>Bu\u011frahan Bayram<\/td>\n<td>Avni Katipo\u011flu<\/td>\n<\/tr>\n<tr>\n<td>Oak Coffee Co<\/td>\n<td>30.09.2023<\/td>\n<td>Onur G\u00f6r<\/td>\n<td>Saad Al Jabri<\/td>\n<td>Mustafa Y\u0131lmaz<\/td>\n<\/tr>\n<tr>\n<td>Nous&#8217;n Soul<\/td>\n<td>11.10.2023<\/td>\n<td>Mehmet K\u0131z\u0131lkaya<\/td>\n<td>Cumali \u00dcnver<\/td>\n<td>Fikret Erkan G\u00f6r<\/td>\n<\/tr>\n<tr>\n<td>Lavinnia<\/td>\n<td>24.11.2023<\/td>\n<td>Etka Karabulut<\/td>\n<td>Efe Ergani<\/td>\n<td>Mehmet Canay Ceneli<\/td>\n<\/tr>\n<tr>\n<td>2023 Finali Nous&#8217;n Soul<\/td>\n<td>17.12.2023<\/td>\n<td>Teoman G\u00fcney Ers\u00f6z<\/td>\n<td>Cumali \u00dcnver<\/td>\n<td>Deniz Anak\u00f6k<\/td>\n<\/tr>\n<\/tbody>\n<\/table>\n","protected":false},"excerpt":{"rendered":"<p>Turnuva Tarih 1 2 3 Silence 11.01.2023 Mehmet K\u0131z\u0131lkaya Cumali \u00dcnver Tufan Can Uzuner If Sokak Tunus 15.01.2023 Emin Co\u015fgun Erkan Fikret G\u00f6r Serhan \u015een Lobi 26.01.2023 Bedirhan Dilen Mustafa Dan\u0131\u015fman Okan Demirkan If Sokak \u00c7ayyolu 29.01.2023 Sefa U\u011fur Taha Can \u00d6zt\u00fcrk Baran Erdo\u011fan Meow 17.03.2023 Mehmet Canay \u00c7eneli Sefa [&hellip;]<\/p>\n","protected":false},"author":1,"featured_media":0,"parent":0,"menu_order":0,"comment_status":"closed","ping_status":"closed","template":"","meta":{"footnotes":""},"class_list":["post-132","page","type-page","status-publish","hentry"],"_links":{"self":[{"href":"https:\/\/satrancsever.com\/index.php\/wp-json\/wp\/v2\/pages\/132","targetHints":{"allow":["GET"]}}],"collection":[{"href":"https:\/\/satrancsever.com\/index.php\/wp-json\/wp\/v2\/pages"}],"about":[{"href":"https:\/\/satrancsever.com\/index.php\/wp-json\/wp\/v2\/types\/page"}],"author":[{"embeddable":true,"href":"https:\/\/satrancsever.com\/index.php\/wp-json\/wp\/v2\/users\/1"}],"replies":[{"embeddable":true,"href":"https:\/\/satrancsever.com\/index.php\/wp-json\/wp\/v2\/comments?post=132"}],"version-history":[{"count":1,"href":"https:\/\/satrancsever.com\/index.php\/wp-json\/wp\/v2\/pages\/132\/revisions"}],"predecessor-version":[{"id":133,"href":"https:\/\/satrancsever.com\/index.php\/wp-json\/wp\/v2\/pages\/132\/revisions\/133"}],"wp:attachment":[{"href":"https:\/\/satrancsever.com\/index.php\/wp-json\/wp\/v2\/media?parent=132"}],"curies":[{"name":"wp","href":"https:\/\/api.w.org\/{rel}","templated":true}]}}